{"id":280,"date":"2017-08-23T21:13:29","date_gmt":"2017-08-23T21:13:29","guid":{"rendered":"http:\/\/live-spx-corp.pantheonsite.io\/?page_id=280"},"modified":"2025-08-12T20:12:59","modified_gmt":"2025-08-12T20:12:59","slug":"stock-information","status":"publish","type":"page","link":"https:\/\/spx.com\/fr\/investor-relations\/stock-information\/stock-information\/","title":{"rendered":"Informations sur les actions"},"content":{"rendered":"<p>[et_pb_section fb_built=&#8221;1&#8243; _builder_version=&#8221;4.27.4&#8243; _module_preset=&#8221;default&#8221; custom_margin=&#8221;0px||||false|false&#8221; custom_padding=&#8221;20px||10px||false|false&#8221; global_colors_info=&#8221;{}&#8221;][et_pb_row _builder_version=&#8221;4.27.4&#8243; _module_preset=&#8221;default&#8221; custom_margin=&#8221;||||false|false&#8221; custom_padding=&#8221;||20px||false|false&#8221; global_colors_info=&#8221;{}&#8221;][et_pb_column type=&#8221;4_4&#8243; _builder_version=&#8221;4.27.4&#8243; _module_preset=&#8221;default&#8221; global_colors_info=&#8221;{}&#8221;][et_pb_text _builder_version=&#8221;4.27.4&#8243; _module_preset=&#8221;default&#8221; text_font_size=&#8221;12px&#8221; global_colors_info=&#8221;{}&#8221;]<\/p>\n<p><a href=\"\/fr\/\">Accueil<\/a> &gt; Investor Relations &gt; Corporate Governance &gt; Stock Information<\/p>\n<p>[\/et_pb_text][\/et_pb_column][\/et_pb_row][et_pb_row _builder_version=&#8221;4.27.4&#8243; _module_preset=&#8221;default&#8221; custom_margin=&#8221;0px||0px||false|false&#8221; custom_padding=&#8221;0px||0px||false|false&#8221; global_colors_info=&#8221;{}&#8221;][et_pb_column type=&#8221;4_4&#8243; _builder_version=&#8221;4.27.4&#8243; _module_preset=&#8221;default&#8221; global_colors_info=&#8221;{}&#8221;][et_pb_post_title meta=&#8221;off&#8221; featured_image=&#8221;off&#8221; _builder_version=&#8221;4.27.4&#8243; _module_preset=&#8221;default&#8221; title_font=&#8221;|600||on|||||&#8221; title_text_color=&#8221;#004C97&#8243; title_font_size=&#8221;60px&#8221; custom_margin=&#8221;||16px||false|false&#8221; global_colors_info=&#8221;{}&#8221;][\/et_pb_post_title][et_pb_text _builder_version=&#8221;4.27.4&#8243; _module_preset=&#8221;default&#8221; custom_margin=&#8221;||12px||false|false&#8221; hover_enabled=&#8221;0&#8243; global_colors_info=&#8221;{}&#8221; sticky_enabled=&#8221;0&#8243;]<iframe loading=\"lazy\" id=\"investorFrame\" src=\"https:\/\/spx.gcs-web.com\/stock-information\/stock-quote\" name=\"investorFrame\" width=\"100%\" height=\"360\" frameborder=\"0\"><\/iframe>[\/et_pb_text][\/et_pb_column][\/et_pb_row][et_pb_row _builder_version=&#8221;4.27.4&#8243; _module_preset=&#8221;default&#8221; custom_margin=&#8221;0px||||false|false&#8221; custom_padding=&#8221;0px||||false|false&#8221; global_colors_info=&#8221;{}&#8221;][et_pb_column type=&#8221;4_4&#8243; _builder_version=&#8221;4.27.4&#8243; _module_preset=&#8221;default&#8221; global_colors_info=&#8221;{}&#8221;][\/et_pb_column][\/et_pb_row][\/et_pb_section]<\/p>","protected":false},"excerpt":{"rendered":"<p>Home &gt; Investor Relations &gt; Corporate Governance &gt; Stock Information<\/p>","protected":false},"author":4,"featured_media":0,"parent":39,"menu_order":0,"comment_status":"closed","ping_status":"closed","template":"","meta":{"_acf_changed":false,"_et_pb_use_builder":"on","_et_pb_old_content":"<img class=\"alignnone wp-image-562 size-full\" src=\"https:\/\/www.dev-spx-corp-2025.pantheonsite.io\/wp-content\/uploads\/2017\/08\/848x221_IR_StockInformation-1.jpg\" alt=\"\" width=\"100%\" \/><iframe id=\"investorFrame\" src=\"https:\/\/spx.gcs-web.com\/stock-information\/stock-quote\" name=\"investorFrame\" width=\"100%\" height=\"360\" frameborder=\"0\"><\/iframe>","_et_gb_content_width":"","footnotes":""},"dipi_cpt_category":[],"class_list":["post-280","page","type-page","status-publish","hentry"],"acf":[],"yoast_head":"<!-- This site is optimized with the Yoast SEO plugin v26.9 - https:\/\/yoast.com\/product\/yoast-seo-wordpress\/ -->\n<title>Stock Information - SPX Technologies in Charlotte, NC<\/title>\n<meta name=\"description\" content=\"Get real-time SPX stock information, including current share price, historical data, and investor tools to track performance.\" \/>\n<meta name=\"robots\" content=\"index, follow, max-snippet:-1, max-image-preview:large, max-video-preview:-1\" \/>\n<link rel=\"canonical\" href=\"https:\/\/spx.com\/fr\/investor-relations\/stock-information\/stock-information\/\" \/>\n<meta property=\"og:locale\" content=\"fr_CA\" \/>\n<meta property=\"og:type\" content=\"article\" \/>\n<meta property=\"og:title\" content=\"Stock Information - SPX Technologies in Charlotte, NC\" \/>\n<meta property=\"og:description\" content=\"Get real-time SPX stock information, including current share price, historical data, and investor tools to track performance.\" \/>\n<meta property=\"og:url\" content=\"https:\/\/spx.com\/fr\/investor-relations\/stock-information\/stock-information\/\" \/>\n<meta property=\"og:site_name\" content=\"SPX Technologies in Charlotte, NC\" \/>\n<meta property=\"article:modified_time\" content=\"2025-08-12T20:12:59+00:00\" \/>\n<meta name=\"twitter:card\" content=\"summary_large_image\" \/>\n<meta name=\"twitter:label1\" content=\"Estimation du temps de lecture\" \/>\n\t<meta name=\"twitter:data1\" content=\"4 minutes\" \/>\n<script type=\"application\/ld+json\" class=\"yoast-schema-graph\">{\"@context\":\"https:\/\/schema.org\",\"@graph\":[{\"@type\":\"WebPage\",\"@id\":\"https:\/\/spx.com\/investor-relations\/stock-information\/stock-information\/\",\"url\":\"https:\/\/spx.com\/investor-relations\/stock-information\/stock-information\/\",\"name\":\"Stock Information - SPX Technologies in Charlotte, NC\",\"isPartOf\":{\"@id\":\"https:\/\/spx.com\/#website\"},\"datePublished\":\"2017-08-23T21:13:29+00:00\",\"dateModified\":\"2025-08-12T20:12:59+00:00\",\"description\":\"Get real-time SPX stock information, including current share price, historical data, and investor tools to track performance.\",\"breadcrumb\":{\"@id\":\"https:\/\/spx.com\/investor-relations\/stock-information\/stock-information\/#breadcrumb\"},\"inLanguage\":\"fr-CA\",\"potentialAction\":[{\"@type\":\"ReadAction\",\"target\":[\"https:\/\/spx.com\/investor-relations\/stock-information\/stock-information\/\"]}]},{\"@type\":\"BreadcrumbList\",\"@id\":\"https:\/\/spx.com\/investor-relations\/stock-information\/stock-information\/#breadcrumb\",\"itemListElement\":[{\"@type\":\"ListItem\",\"position\":1,\"name\":\"Home\",\"item\":\"https:\/\/live-spx-corp-2025.pantheonsite.io\/\"},{\"@type\":\"ListItem\",\"position\":2,\"name\":\"Investor Relations\",\"item\":\"https:\/\/spx.com\/?page_id=37\"},{\"@type\":\"ListItem\",\"position\":3,\"name\":\"Stock Information\",\"item\":\"https:\/\/spx.com\/investor-relations\/stock-information\/\"},{\"@type\":\"ListItem\",\"position\":4,\"name\":\"Stock Information\"}]},{\"@type\":\"WebSite\",\"@id\":\"https:\/\/spx.com\/#website\",\"url\":\"https:\/\/spx.com\/\",\"name\":\"SPX Technologies in Charlotte, NC\",\"description\":\"SPX Technologies is a supplier of highly engineered products and technologies, holding leadership positions in the HVAC and detection and measurement markets.\",\"publisher\":{\"@id\":\"https:\/\/spx.com\/#organization\"},\"potentialAction\":[{\"@type\":\"SearchAction\",\"target\":{\"@type\":\"EntryPoint\",\"urlTemplate\":\"https:\/\/spx.com\/?s={search_term_string}\"},\"query-input\":{\"@type\":\"PropertyValueSpecification\",\"valueRequired\":true,\"valueName\":\"search_term_string\"}}],\"inLanguage\":\"fr-CA\"},{\"@type\":\"Organization\",\"@id\":\"https:\/\/spx.com\/#organization\",\"name\":\"SPX Corporation\",\"url\":\"https:\/\/spx.com\/\",\"logo\":{\"@type\":\"ImageObject\",\"inLanguage\":\"fr-CA\",\"@id\":\"https:\/\/spx.com\/#\/schema\/logo\/image\/\",\"url\":\"https:\/\/live-spx-corp.pantheonsite.io\/wp-content\/uploads\/2018\/03\/SPX_LOGO_R_Vertical_RGB_480px.png\",\"contentUrl\":\"https:\/\/live-spx-corp.pantheonsite.io\/wp-content\/uploads\/2018\/03\/SPX_LOGO_R_Vertical_RGB_480px.png\",\"width\":389,\"height\":480,\"caption\":\"SPX Corporation\"},\"image\":{\"@id\":\"https:\/\/spx.com\/#\/schema\/logo\/image\/\"}}]}<\/script>\n<!-- \/ Yoast SEO plugin. -->","yoast_head_json":{"title":"Stock Information - SPX Technologies in Charlotte, NC","description":"Get real-time SPX stock information, including current share price, historical data, and investor tools to track performance.","robots":{"index":"index","follow":"follow","max-snippet":"max-snippet:-1","max-image-preview":"max-image-preview:large","max-video-preview":"max-video-preview:-1"},"canonical":"https:\/\/spx.com\/fr\/investor-relations\/stock-information\/stock-information\/","og_locale":"fr_CA","og_type":"article","og_title":"Stock Information - SPX Technologies in Charlotte, NC","og_description":"Get real-time SPX stock information, including current share price, historical data, and investor tools to track performance.","og_url":"https:\/\/spx.com\/fr\/investor-relations\/stock-information\/stock-information\/","og_site_name":"SPX Technologies in Charlotte, NC","article_modified_time":"2025-08-12T20:12:59+00:00","twitter_card":"summary_large_image","twitter_misc":{"Estimation du temps de lecture":"4 minutes"},"schema":{"@context":"https:\/\/schema.org","@graph":[{"@type":"WebPage","@id":"https:\/\/spx.com\/investor-relations\/stock-information\/stock-information\/","url":"https:\/\/spx.com\/investor-relations\/stock-information\/stock-information\/","name":"Stock Information - SPX Technologies in Charlotte, NC","isPartOf":{"@id":"https:\/\/spx.com\/#website"},"datePublished":"2017-08-23T21:13:29+00:00","dateModified":"2025-08-12T20:12:59+00:00","description":"Get real-time SPX stock information, including current share price, historical data, and investor tools to track performance.","breadcrumb":{"@id":"https:\/\/spx.com\/investor-relations\/stock-information\/stock-information\/#breadcrumb"},"inLanguage":"fr-CA","potentialAction":[{"@type":"ReadAction","target":["https:\/\/spx.com\/investor-relations\/stock-information\/stock-information\/"]}]},{"@type":"BreadcrumbList","@id":"https:\/\/spx.com\/investor-relations\/stock-information\/stock-information\/#breadcrumb","itemListElement":[{"@type":"ListItem","position":1,"name":"Home","item":"https:\/\/live-spx-corp-2025.pantheonsite.io\/"},{"@type":"ListItem","position":2,"name":"Investor Relations","item":"https:\/\/spx.com\/?page_id=37"},{"@type":"ListItem","position":3,"name":"Stock Information","item":"https:\/\/spx.com\/investor-relations\/stock-information\/"},{"@type":"ListItem","position":4,"name":"Stock Information"}]},{"@type":"WebSite","@id":"https:\/\/spx.com\/#website","url":"https:\/\/spx.com\/","name":"SPX Technologies in Charlotte, NC","description":"SPX Technologies est un fournisseur de produits et de technologies de haute technicit\u00e9, occupant une position de leader sur les march\u00e9s du CVC et de la d\u00e9tection et de la mesure.","publisher":{"@id":"https:\/\/spx.com\/#organization"},"potentialAction":[{"@type":"SearchAction","target":{"@type":"EntryPoint","urlTemplate":"https:\/\/spx.com\/?s={search_term_string}"},"query-input":{"@type":"PropertyValueSpecification","valueRequired":true,"valueName":"search_term_string"}}],"inLanguage":"fr-CA"},{"@type":"Organization","@id":"https:\/\/spx.com\/#organization","name":"SPX Corporation","url":"https:\/\/spx.com\/","logo":{"@type":"ImageObject","inLanguage":"fr-CA","@id":"https:\/\/spx.com\/#\/schema\/logo\/image\/","url":"https:\/\/live-spx-corp.pantheonsite.io\/wp-content\/uploads\/2018\/03\/SPX_LOGO_R_Vertical_RGB_480px.png","contentUrl":"https:\/\/live-spx-corp.pantheonsite.io\/wp-content\/uploads\/2018\/03\/SPX_LOGO_R_Vertical_RGB_480px.png","width":389,"height":480,"caption":"SPX Corporation"},"image":{"@id":"https:\/\/spx.com\/#\/schema\/logo\/image\/"}}]}},"_links":{"self":[{"href":"https:\/\/spx.com\/fr\/wp-json\/wp\/v2\/pages\/280","targetHints":{"allow":["GET"]}}],"collection":[{"href":"https:\/\/spx.com\/fr\/wp-json\/wp\/v2\/pages"}],"about":[{"href":"https:\/\/spx.com\/fr\/wp-json\/wp\/v2\/types\/page"}],"author":[{"embeddable":true,"href":"https:\/\/spx.com\/fr\/wp-json\/wp\/v2\/users\/4"}],"replies":[{"embeddable":true,"href":"https:\/\/spx.com\/fr\/wp-json\/wp\/v2\/comments?post=280"}],"version-history":[{"count":0,"href":"https:\/\/spx.com\/fr\/wp-json\/wp\/v2\/pages\/280\/revisions"}],"up":[{"embeddable":true,"href":"https:\/\/spx.com\/fr\/wp-json\/wp\/v2\/pages\/39"}],"wp:attachment":[{"href":"https:\/\/spx.com\/fr\/wp-json\/wp\/v2\/media?parent=280"}],"wp:term":[{"taxonomy":"dipi_cpt_category","embeddable":true,"href":"https:\/\/spx.com\/fr\/wp-json\/wp\/v2\/dipi_cpt_category?post=280"}],"curies":[{"name":"wp","href":"https:\/\/api.w.org\/{rel}","templated":true}]}}