{"id":31,"date":"2017-08-22T17:08:52","date_gmt":"2017-08-22T17:08:52","guid":{"rendered":"http:\/\/live-spx-corp.pantheonsite.io\/?page_id=31"},"modified":"2025-08-04T17:34:56","modified_gmt":"2025-08-04T17:34:56","slug":"rewards-and-benefits","status":"publish","type":"page","link":"https:\/\/spx.com\/fr\/rewards-and-benefits\/","title":{"rendered":"R\u00e9compenses et avantages"},"content":{"rendered":"<p>[vc_column_text]<\/p>\n<h2><img decoding=\"async\" class=\"alignnone wp-image-579 size-full\" src=\"http:\/\/live-spx-corp.pantheonsite.io\/wp-content\/uploads\/2017\/08\/848x221_RewardsBenefits-1.jpg\" alt=\"\" width=\"100%\" srcset=\"https:\/\/spx.com\/wp-content\/uploads\/2017\/08\/848x221_RewardsBenefits-1.jpg 848w, https:\/\/spx.com\/wp-content\/uploads\/2017\/08\/848x221_RewardsBenefits-1-300x78.jpg 300w, https:\/\/spx.com\/wp-content\/uploads\/2017\/08\/848x221_RewardsBenefits-1-768x200.jpg 768w\" sizes=\"(max-width: 848px) 100vw, 848px\" \/><\/h2>\n<h2>Total Rewards Program<\/h2>\n<p>At SPX Corporation, what\u2019s in it for employees goes well beyond market-competitive compensation and benefits. Our Total Rewards program includes a comprehensive offering combining a challenging work environment with opportunities for personal development, career growth and recognition. Together, these opportunities present significant growth potential for employees both financially and professionally.<\/p>\n<p>SPX Total Rewards is an integrated strategy of programs and practices that help us attract, motivate and retain talent. Our compensation programs are market-driven and designed to give employees a financial stake in the continued success of our global enterprise. They are also performance-based, allowing us to recognize and reward employees who work hard, display the values and leadership practices we embrace and deliver exceptional results.<\/p>\n<h3>Benefits<\/h3>\n<p>SPX Corporation offers a benefits package that is competitive with the market and choices designed to help employees manage their well-being. Our performance and recognition programs focus on alignment and assessment of organizational, team and individual efforts toward the achievement of business results. Through our development and career growth programs, employees have opportunities to enhance their skills, develop new competencies and pursue career goals. The SPX work environment is based on a work-life philosophy supported by policies, programs and practices that help employees achieve success within and outside the workplace.[\/vc_column_text][vc_btn title=&#8221;SEARCH AND APPLY&#8221; color=&#8221;primary&#8221; align=&#8221;left&#8221; i_icon_fontawesome=&#8221;fa fa-search&#8221; add_icon=&#8221;true&#8221; link=&#8221;url:https%3A%2F%2Fcareer8.successfactors.com%2Fcareer%3Fcompany%3DSPX||target:%20_blank|&#8221;][vc_btn title=&#8221;CONNECT WITH LINKEDIN&#8221; color=&#8221;primary&#8221; align=&#8221;left&#8221; i_icon_fontawesome=&#8221;fa fa-linkedin-square&#8221; add_icon=&#8221;true&#8221; link=&#8221;url:http%3A%2F%2Fwww.linkedin.com%2Fcompany%2Fspx-corporation||target:%20_blank|&#8221;]<\/p>","protected":false},"excerpt":{"rendered":"<p>[vc_column_text] Total Rewards Program At SPX Corporation, what\u2019s in it for employees goes well beyond market-competitive compensation and benefits. Our Total Rewards program includes a comprehensive offering combining a challenging work environment with opportunities for personal development, career growth and recognition. Together, these opportunities present significant growth potential for employees both financially and professionally. SPX [&hellip;]<\/p>","protected":false},"author":4,"featured_media":0,"parent":0,"menu_order":0,"comment_status":"closed","ping_status":"closed","template":"","meta":{"_acf_changed":false,"_et_pb_use_builder":"","_et_pb_old_content":"","_et_gb_content_width":"","footnotes":""},"dipi_cpt_category":[],"class_list":["post-31","page","type-page","status-publish","hentry"],"acf":[],"yoast_head":"<!-- This site is optimized with the Yoast SEO plugin v26.9 - https:\/\/yoast.com\/product\/yoast-seo-wordpress\/ -->\n<title>Rewards and Benefits - SPX Technologies in Charlotte, NC<\/title>\n<meta name=\"robots\" content=\"index, follow, max-snippet:-1, max-image-preview:large, max-video-preview:-1\" \/>\n<link rel=\"canonical\" href=\"https:\/\/spx.com\/fr\/rewards-and-benefits\/\" \/>\n<meta property=\"og:locale\" content=\"fr_CA\" \/>\n<meta property=\"og:type\" content=\"article\" \/>\n<meta property=\"og:title\" content=\"Rewards and Benefits - SPX Technologies in Charlotte, NC\" \/>\n<meta property=\"og:description\" content=\"[vc_column_text] Total Rewards Program At SPX Corporation, what\u2019s in it for employees goes well beyond market-competitive compensation and benefits. Our Total Rewards program includes a comprehensive offering combining a challenging work environment with opportunities for personal development, career growth and recognition. Together, these opportunities present significant growth potential for employees both financially and professionally. SPX [&hellip;]\" \/>\n<meta property=\"og:url\" content=\"https:\/\/spx.com\/fr\/rewards-and-benefits\/\" \/>\n<meta property=\"og:site_name\" content=\"SPX Technologies in Charlotte, NC\" \/>\n<meta property=\"article:modified_time\" content=\"2025-08-04T17:34:56+00:00\" \/>\n<meta property=\"og:image\" content=\"http:\/\/live-spx-corp.pantheonsite.io\/wp-content\/uploads\/2017\/08\/848x221_RewardsBenefits-1.jpg\" \/>\n<meta name=\"twitter:card\" content=\"summary_large_image\" \/>\n<meta name=\"twitter:label1\" content=\"Estimation du temps de lecture\" \/>\n\t<meta name=\"twitter:data1\" content=\"2 minutes\" \/>\n<script type=\"application\/ld+json\" class=\"yoast-schema-graph\">{\"@context\":\"https:\/\/schema.org\",\"@graph\":[{\"@type\":\"WebPage\",\"@id\":\"https:\/\/spx.com\/rewards-and-benefits\/\",\"url\":\"https:\/\/spx.com\/rewards-and-benefits\/\",\"name\":\"Rewards and Benefits - SPX Technologies in Charlotte, NC\",\"isPartOf\":{\"@id\":\"https:\/\/spx.com\/#website\"},\"primaryImageOfPage\":{\"@id\":\"https:\/\/spx.com\/rewards-and-benefits\/#primaryimage\"},\"image\":{\"@id\":\"https:\/\/spx.com\/rewards-and-benefits\/#primaryimage\"},\"thumbnailUrl\":\"http:\/\/live-spx-corp.pantheonsite.io\/wp-content\/uploads\/2017\/08\/848x221_RewardsBenefits-1.jpg\",\"datePublished\":\"2017-08-22T17:08:52+00:00\",\"dateModified\":\"2025-08-04T17:34:56+00:00\",\"breadcrumb\":{\"@id\":\"https:\/\/spx.com\/rewards-and-benefits\/#breadcrumb\"},\"inLanguage\":\"fr-CA\",\"potentialAction\":[{\"@type\":\"ReadAction\",\"target\":[\"https:\/\/spx.com\/rewards-and-benefits\/\"]}]},{\"@type\":\"ImageObject\",\"inLanguage\":\"fr-CA\",\"@id\":\"https:\/\/spx.com\/rewards-and-benefits\/#primaryimage\",\"url\":\"http:\/\/live-spx-corp.pantheonsite.io\/wp-content\/uploads\/2017\/08\/848x221_RewardsBenefits-1.jpg\",\"contentUrl\":\"http:\/\/live-spx-corp.pantheonsite.io\/wp-content\/uploads\/2017\/08\/848x221_RewardsBenefits-1.jpg\"},{\"@type\":\"BreadcrumbList\",\"@id\":\"https:\/\/spx.com\/rewards-and-benefits\/#breadcrumb\",\"itemListElement\":[{\"@type\":\"ListItem\",\"position\":1,\"name\":\"Home\",\"item\":\"https:\/\/spx.com\/\"},{\"@type\":\"ListItem\",\"position\":2,\"name\":\"Rewards and Benefits\"}]},{\"@type\":\"WebSite\",\"@id\":\"https:\/\/spx.com\/#website\",\"url\":\"https:\/\/spx.com\/\",\"name\":\"SPX Technologies in Charlotte, NC\",\"description\":\"SPX Technologies is a supplier of highly engineered products and technologies, holding leadership positions in the HVAC and detection and measurement markets.\",\"publisher\":{\"@id\":\"https:\/\/spx.com\/#organization\"},\"potentialAction\":[{\"@type\":\"SearchAction\",\"target\":{\"@type\":\"EntryPoint\",\"urlTemplate\":\"https:\/\/spx.com\/?s={search_term_string}\"},\"query-input\":{\"@type\":\"PropertyValueSpecification\",\"valueRequired\":true,\"valueName\":\"search_term_string\"}}],\"inLanguage\":\"fr-CA\"},{\"@type\":\"Organization\",\"@id\":\"https:\/\/spx.com\/#organization\",\"name\":\"SPX Corporation\",\"url\":\"https:\/\/spx.com\/\",\"logo\":{\"@type\":\"ImageObject\",\"inLanguage\":\"fr-CA\",\"@id\":\"https:\/\/spx.com\/#\/schema\/logo\/image\/\",\"url\":\"https:\/\/live-spx-corp.pantheonsite.io\/wp-content\/uploads\/2018\/03\/SPX_LOGO_R_Vertical_RGB_480px.png\",\"contentUrl\":\"https:\/\/live-spx-corp.pantheonsite.io\/wp-content\/uploads\/2018\/03\/SPX_LOGO_R_Vertical_RGB_480px.png\",\"width\":389,\"height\":480,\"caption\":\"SPX Corporation\"},\"image\":{\"@id\":\"https:\/\/spx.com\/#\/schema\/logo\/image\/\"}}]}<\/script>\n<!-- \/ Yoast SEO plugin. -->","yoast_head_json":{"title":"Rewards and Benefits - SPX Technologies in Charlotte, NC","robots":{"index":"index","follow":"follow","max-snippet":"max-snippet:-1","max-image-preview":"max-image-preview:large","max-video-preview":"max-video-preview:-1"},"canonical":"https:\/\/spx.com\/fr\/rewards-and-benefits\/","og_locale":"fr_CA","og_type":"article","og_title":"Rewards and Benefits - SPX Technologies in Charlotte, NC","og_description":"[vc_column_text] Total Rewards Program At SPX Corporation, what\u2019s in it for employees goes well beyond market-competitive compensation and benefits. Our Total Rewards program includes a comprehensive offering combining a challenging work environment with opportunities for personal development, career growth and recognition. Together, these opportunities present significant growth potential for employees both financially and professionally. SPX [&hellip;]","og_url":"https:\/\/spx.com\/fr\/rewards-and-benefits\/","og_site_name":"SPX Technologies in Charlotte, NC","article_modified_time":"2025-08-04T17:34:56+00:00","og_image":[{"url":"http:\/\/live-spx-corp.pantheonsite.io\/wp-content\/uploads\/2017\/08\/848x221_RewardsBenefits-1.jpg","type":"","width":"","height":""}],"twitter_card":"summary_large_image","twitter_misc":{"Estimation du temps de lecture":"2 minutes"},"schema":{"@context":"https:\/\/schema.org","@graph":[{"@type":"WebPage","@id":"https:\/\/spx.com\/rewards-and-benefits\/","url":"https:\/\/spx.com\/rewards-and-benefits\/","name":"Rewards and Benefits - SPX Technologies in Charlotte, NC","isPartOf":{"@id":"https:\/\/spx.com\/#website"},"primaryImageOfPage":{"@id":"https:\/\/spx.com\/rewards-and-benefits\/#primaryimage"},"image":{"@id":"https:\/\/spx.com\/rewards-and-benefits\/#primaryimage"},"thumbnailUrl":"http:\/\/live-spx-corp.pantheonsite.io\/wp-content\/uploads\/2017\/08\/848x221_RewardsBenefits-1.jpg","datePublished":"2017-08-22T17:08:52+00:00","dateModified":"2025-08-04T17:34:56+00:00","breadcrumb":{"@id":"https:\/\/spx.com\/rewards-and-benefits\/#breadcrumb"},"inLanguage":"fr-CA","potentialAction":[{"@type":"ReadAction","target":["https:\/\/spx.com\/rewards-and-benefits\/"]}]},{"@type":"ImageObject","inLanguage":"fr-CA","@id":"https:\/\/spx.com\/rewards-and-benefits\/#primaryimage","url":"http:\/\/live-spx-corp.pantheonsite.io\/wp-content\/uploads\/2017\/08\/848x221_RewardsBenefits-1.jpg","contentUrl":"http:\/\/live-spx-corp.pantheonsite.io\/wp-content\/uploads\/2017\/08\/848x221_RewardsBenefits-1.jpg"},{"@type":"BreadcrumbList","@id":"https:\/\/spx.com\/rewards-and-benefits\/#breadcrumb","itemListElement":[{"@type":"ListItem","position":1,"name":"Home","item":"https:\/\/spx.com\/"},{"@type":"ListItem","position":2,"name":"Rewards and Benefits"}]},{"@type":"WebSite","@id":"https:\/\/spx.com\/#website","url":"https:\/\/spx.com\/","name":"SPX Technologies in Charlotte, NC","description":"SPX Technologies est un fournisseur de produits et de technologies de haute technicit\u00e9, occupant une position de leader sur les march\u00e9s du CVC et de la d\u00e9tection et de la mesure.","publisher":{"@id":"https:\/\/spx.com\/#organization"},"potentialAction":[{"@type":"SearchAction","target":{"@type":"EntryPoint","urlTemplate":"https:\/\/spx.com\/?s={search_term_string}"},"query-input":{"@type":"PropertyValueSpecification","valueRequired":true,"valueName":"search_term_string"}}],"inLanguage":"fr-CA"},{"@type":"Organization","@id":"https:\/\/spx.com\/#organization","name":"SPX Corporation","url":"https:\/\/spx.com\/","logo":{"@type":"ImageObject","inLanguage":"fr-CA","@id":"https:\/\/spx.com\/#\/schema\/logo\/image\/","url":"https:\/\/live-spx-corp.pantheonsite.io\/wp-content\/uploads\/2018\/03\/SPX_LOGO_R_Vertical_RGB_480px.png","contentUrl":"https:\/\/live-spx-corp.pantheonsite.io\/wp-content\/uploads\/2018\/03\/SPX_LOGO_R_Vertical_RGB_480px.png","width":389,"height":480,"caption":"SPX Corporation"},"image":{"@id":"https:\/\/spx.com\/#\/schema\/logo\/image\/"}}]}},"_links":{"self":[{"href":"https:\/\/spx.com\/fr\/wp-json\/wp\/v2\/pages\/31","targetHints":{"allow":["GET"]}}],"collection":[{"href":"https:\/\/spx.com\/fr\/wp-json\/wp\/v2\/pages"}],"about":[{"href":"https:\/\/spx.com\/fr\/wp-json\/wp\/v2\/types\/page"}],"author":[{"embeddable":true,"href":"https:\/\/spx.com\/fr\/wp-json\/wp\/v2\/users\/4"}],"replies":[{"embeddable":true,"href":"https:\/\/spx.com\/fr\/wp-json\/wp\/v2\/comments?post=31"}],"version-history":[{"count":0,"href":"https:\/\/spx.com\/fr\/wp-json\/wp\/v2\/pages\/31\/revisions"}],"wp:attachment":[{"href":"https:\/\/spx.com\/fr\/wp-json\/wp\/v2\/media?parent=31"}],"wp:term":[{"taxonomy":"dipi_cpt_category","embeddable":true,"href":"https:\/\/spx.com\/fr\/wp-json\/wp\/v2\/dipi_cpt_category?post=31"}],"curies":[{"name":"wp","href":"https:\/\/api.w.org\/{rel}","templated":true}]}}