{"id":444,"date":"2017-10-03T18:28:34","date_gmt":"2017-10-03T18:28:34","guid":{"rendered":"http:\/\/live-spx-corp.pantheonsite.io\/?page_id=444"},"modified":"2025-09-24T12:47:54","modified_gmt":"2025-09-24T12:47:54","slug":"fraud-alert","status":"publish","type":"page","link":"https:\/\/spx.com\/fr\/security-alerts\/fraud-alert\/","title":{"rendered":"Fraud Alert"},"content":{"rendered":"<p>[et_pb_section fb_built=&#8221;1&#8243; _builder_version=&#8221;4.27.4&#8243; _module_preset=&#8221;default&#8221; custom_padding=&#8221;32px||||false|false&#8221; global_colors_info=&#8221;{}&#8221;][et_pb_row _builder_version=&#8221;4.27.4&#8243; _module_preset=&#8221;default&#8221; global_colors_info=&#8221;{}&#8221;][et_pb_column type=&#8221;4_4&#8243; _builder_version=&#8221;4.27.4&#8243; _module_preset=&#8221;default&#8221; global_colors_info=&#8221;{}&#8221;][et_pb_post_title meta=&#8221;off&#8221; featured_image=&#8221;off&#8221; _builder_version=&#8221;4.27.4&#8243; _module_preset=&#8221;default&#8221; title_font=&#8221;|600|||||||&#8221; title_text_color=&#8221;#004C97&#8243; title_font_size=&#8221;48px&#8221; global_colors_info=&#8221;{}&#8221;][\/et_pb_post_title][et_pb_text _builder_version=&#8221;4.27.4&#8243; _module_preset=&#8221;default&#8221; global_colors_info=&#8221;{}&#8221;]SPX Technologies has become aware of fraudulent e-mails that purport to be from SPX and that may solicit candidates for fictitious job opportunities.<\/p>\n<p>Those responsible for these hoaxes pretend to be associated with SPX and send e-mails, post on websites, or publish advertisements for job opportunities that do not actually exist. You may be asked to provide personal information (e.g., Social Security numbers, ID numbers, bank account numbers, etc.) or to provide money as part of this fabricated recruiting process. You may also receive a fraudulent cashier&#8217;s check by USPS Priority Mail as part of the scheme to defraud you.<\/p>\n<p>Please note these solicitations are in no way affiliated with SPX Technologies. SPX does not make any job offers without first speaking with potential candidates and any email from an SPX employee will have the @spx.com extension. In addition, SPX will never ask you for money for any reason or send you a cashier&#8217;s check.<\/p>\n<p>If you are interested in a job opportunity with SPX Technologies, <a href=\"https:\/\/live-spx-corp.pantheonsite.io\/careers\/career-opportunities\/\">please visit\u00a0our Career Opportunities page<\/a>.[\/et_pb_text][\/et_pb_column][\/et_pb_row][et_pb_row column_structure=&#8221;1_2,1_2&#8243; _builder_version=&#8221;4.27.4&#8243; _module_preset=&#8221;default&#8221; global_colors_info=&#8221;{}&#8221;][et_pb_column type=&#8221;1_2&#8243; _builder_version=&#8221;4.27.4&#8243; _module_preset=&#8221;default&#8221; global_colors_info=&#8221;{}&#8221;][et_pb_button button_url=&#8221;http:\/\/https%3A%2F%2Fcareer8.successfactors.com%2Fcareer%3Fcompany%3DSPX&#8221; url_new_window=&#8221;on&#8221; button_text=&#8221;Search and Apply&#8221; button_alignment=&#8221;center&#8221; _builder_version=&#8221;4.27.4&#8243; _module_preset=&#8221;default&#8221; custom_button=&#8221;on&#8221; button_text_size=&#8221;16px&#8221; button_text_color=&#8221;#FFFFFF&#8221; button_bg_color=&#8221;#004C97&#8243; button_border_radius=&#8221;6px&#8221; global_colors_info=&#8221;{}&#8221;][\/et_pb_button][\/et_pb_column][et_pb_column type=&#8221;1_2&#8243; _builder_version=&#8221;4.27.4&#8243; _module_preset=&#8221;default&#8221; global_colors_info=&#8221;{}&#8221;][et_pb_button button_url=&#8221;http:\/\/https%3A%2F%2Fwww.linkedin.com%2Fcompany%2Fspx-corporation&#8221; url_new_window=&#8221;on&#8221; button_text=&#8221;Connect with LinkedIn&#8221; button_alignment=&#8221;center&#8221; _builder_version=&#8221;4.27.4&#8243; _module_preset=&#8221;default&#8221; custom_button=&#8221;on&#8221; button_text_size=&#8221;16px&#8221; button_text_color=&#8221;#FFFFFF&#8221; button_bg_color=&#8221;#004C97&#8243; button_border_radius=&#8221;6px&#8221; global_colors_info=&#8221;{}&#8221;][\/et_pb_button][\/et_pb_column][\/et_pb_row][\/et_pb_section]<\/p>","protected":false},"excerpt":{"rendered":"<p>SPX Technologies has become aware of fraudulent e-mails that purport to be from SPX and that may solicit candidates for fictitious job opportunities. Those responsible for these hoaxes pretend to be associated with SPX and send e-mails, post on websites, or publish advertisements for job opportunities that do not actually exist. You may be asked [&hellip;]<\/p>","protected":false},"author":4,"featured_media":0,"parent":442,"menu_order":0,"comment_status":"closed","ping_status":"closed","template":"","meta":{"_acf_changed":false,"_et_pb_use_builder":"on","_et_pb_old_content":"[vc_column_text]<img class=\"alignnone size-full wp-image-445\" src=\"https:\/\/live-spx-corp.pantheonsite.io\/wp-content\/uploads\/2017\/10\/848x221_FraudAlert.jpg\" alt=\"\" width=\"100%\" \/>\r\n\r\nSPX Technologies has become aware of fraudulent e-mails that purport to be from SPX and that may solicit candidates for fictitious job opportunities.\r\n\r\nThose responsible for these hoaxes pretend to be associated with SPX and send e-mails, post on websites, or publish advertisements for job opportunities that do not actually exist. You may be asked to provide personal information (e.g., Social Security numbers, ID numbers, bank account numbers, etc.) or to provide money as part of this fabricated recruiting process. You may also receive a fraudulent cashier's check by USPS Priority Mail as part of the scheme to defraud you.\r\n\r\nPlease note these solicitations are in no way affiliated with SPX Technologies. SPX does not make any job offers without first speaking with potential candidates and any email from an SPX employee will have the @spx.com extension. In addition, SPX will never ask you for money for any reason or send you a cashier's check.\r\n\r\nIf you are interested in a job opportunity with SPX Technologies, <a href=\"https:\/\/live-spx-corp.pantheonsite.io\/careers\/career-opportunities\/\">please visit\u00a0our Career Opportunities page<\/a>.[\/vc_column_text][\/vc_column][\/vc_row][vc_row][vc_column]\r\n\r\n[vc_btn title=\"SEARCH AND APPLY\" color=\"primary\" align=\"left\" i_icon_fontawesome=\"fa fa-search\" add_icon=\"true\" link=\"url:https%3A%2F%2Fcareer8.successfactors.com%2Fcareer%3Fcompany%3DSPX||target:%20_blank|\"][vc_btn title=\"CONNECT WITH LINKEDIN\" color=\"primary\" align=\"left\" i_icon_fontawesome=\"fa fa-linkedin-square\" add_icon=\"true\" link=\"url:https%3A%2F%2Fwww.linkedin.com%2Fcompany%2Fspx-corporation||target:%20_blank|\"]","_et_gb_content_width":"","footnotes":""},"dipi_cpt_category":[],"class_list":["post-444","page","type-page","status-publish","hentry"],"acf":[],"yoast_head":"<!-- This site is optimized with the Yoast SEO plugin v26.9 - https:\/\/yoast.com\/product\/yoast-seo-wordpress\/ -->\n<title>Fraud Alert - SPX Technologies in Charlotte, NC<\/title>\n<meta name=\"description\" content=\"SPX Technologies warns of fraudulent job offers and communications. Legitimate contact is only via @spx.com, and the company never requests payments. Use the official careers page to apply.\" \/>\n<meta name=\"robots\" content=\"index, follow, max-snippet:-1, max-image-preview:large, max-video-preview:-1\" \/>\n<link rel=\"canonical\" href=\"https:\/\/spx.com\/fr\/security-alerts\/fraud-alert\/\" \/>\n<meta property=\"og:locale\" content=\"fr_CA\" \/>\n<meta property=\"og:type\" content=\"article\" \/>\n<meta property=\"og:title\" content=\"Fraud Alert - SPX Technologies in Charlotte, NC\" \/>\n<meta property=\"og:description\" content=\"SPX Technologies warns of fraudulent job offers and communications. Legitimate contact is only via @spx.com, and the company never requests payments. Use the official careers page to apply.\" \/>\n<meta property=\"og:url\" content=\"https:\/\/spx.com\/fr\/security-alerts\/fraud-alert\/\" \/>\n<meta property=\"og:site_name\" content=\"SPX Technologies in Charlotte, NC\" \/>\n<meta property=\"article:modified_time\" content=\"2025-09-24T12:47:54+00:00\" \/>\n<meta name=\"twitter:card\" content=\"summary_large_image\" \/>\n<meta name=\"twitter:label1\" content=\"Estimation du temps de lecture\" \/>\n\t<meta name=\"twitter:data1\" content=\"2 minutes\" \/>\n<script type=\"application\/ld+json\" class=\"yoast-schema-graph\">{\"@context\":\"https:\/\/schema.org\",\"@graph\":[{\"@type\":\"WebPage\",\"@id\":\"https:\/\/spx.com\/security-alerts\/fraud-alert\/\",\"url\":\"https:\/\/spx.com\/security-alerts\/fraud-alert\/\",\"name\":\"Fraud Alert - SPX Technologies in Charlotte, NC\",\"isPartOf\":{\"@id\":\"https:\/\/spx.com\/#website\"},\"datePublished\":\"2017-10-03T18:28:34+00:00\",\"dateModified\":\"2025-09-24T12:47:54+00:00\",\"description\":\"SPX Technologies warns of fraudulent job offers and communications. Legitimate contact is only via @spx.com, and the company never requests payments. Use the official careers page to apply.\",\"breadcrumb\":{\"@id\":\"https:\/\/spx.com\/security-alerts\/fraud-alert\/#breadcrumb\"},\"inLanguage\":\"fr-CA\",\"potentialAction\":[{\"@type\":\"ReadAction\",\"target\":[\"https:\/\/spx.com\/security-alerts\/fraud-alert\/\"]}]},{\"@type\":\"BreadcrumbList\",\"@id\":\"https:\/\/spx.com\/security-alerts\/fraud-alert\/#breadcrumb\",\"itemListElement\":[{\"@type\":\"ListItem\",\"position\":1,\"name\":\"Home\",\"item\":\"https:\/\/spx.com\/\"},{\"@type\":\"ListItem\",\"position\":2,\"name\":\"Security Alerts\",\"item\":\"https:\/\/spx.com\/security-alerts\/\"},{\"@type\":\"ListItem\",\"position\":3,\"name\":\"Fraud Alert\"}]},{\"@type\":\"WebSite\",\"@id\":\"https:\/\/spx.com\/#website\",\"url\":\"https:\/\/spx.com\/\",\"name\":\"SPX Technologies in Charlotte, NC\",\"description\":\"SPX Technologies is a supplier of highly engineered products and technologies, holding leadership positions in the HVAC and detection and measurement markets.\",\"publisher\":{\"@id\":\"https:\/\/spx.com\/#organization\"},\"potentialAction\":[{\"@type\":\"SearchAction\",\"target\":{\"@type\":\"EntryPoint\",\"urlTemplate\":\"https:\/\/spx.com\/?s={search_term_string}\"},\"query-input\":{\"@type\":\"PropertyValueSpecification\",\"valueRequired\":true,\"valueName\":\"search_term_string\"}}],\"inLanguage\":\"fr-CA\"},{\"@type\":\"Organization\",\"@id\":\"https:\/\/spx.com\/#organization\",\"name\":\"SPX Corporation\",\"url\":\"https:\/\/spx.com\/\",\"logo\":{\"@type\":\"ImageObject\",\"inLanguage\":\"fr-CA\",\"@id\":\"https:\/\/spx.com\/#\/schema\/logo\/image\/\",\"url\":\"https:\/\/live-spx-corp.pantheonsite.io\/wp-content\/uploads\/2018\/03\/SPX_LOGO_R_Vertical_RGB_480px.png\",\"contentUrl\":\"https:\/\/live-spx-corp.pantheonsite.io\/wp-content\/uploads\/2018\/03\/SPX_LOGO_R_Vertical_RGB_480px.png\",\"width\":389,\"height\":480,\"caption\":\"SPX Corporation\"},\"image\":{\"@id\":\"https:\/\/spx.com\/#\/schema\/logo\/image\/\"}}]}<\/script>\n<!-- \/ Yoast SEO plugin. -->","yoast_head_json":{"title":"Fraud Alert - SPX Technologies in Charlotte, NC","description":"SPX Technologies warns of fraudulent job offers and communications. Legitimate contact is only via @spx.com, and the company never requests payments. Use the official careers page to apply.","robots":{"index":"index","follow":"follow","max-snippet":"max-snippet:-1","max-image-preview":"max-image-preview:large","max-video-preview":"max-video-preview:-1"},"canonical":"https:\/\/spx.com\/fr\/security-alerts\/fraud-alert\/","og_locale":"fr_CA","og_type":"article","og_title":"Fraud Alert - SPX Technologies in Charlotte, NC","og_description":"SPX Technologies warns of fraudulent job offers and communications. Legitimate contact is only via @spx.com, and the company never requests payments. Use the official careers page to apply.","og_url":"https:\/\/spx.com\/fr\/security-alerts\/fraud-alert\/","og_site_name":"SPX Technologies in Charlotte, NC","article_modified_time":"2025-09-24T12:47:54+00:00","twitter_card":"summary_large_image","twitter_misc":{"Estimation du temps de lecture":"2 minutes"},"schema":{"@context":"https:\/\/schema.org","@graph":[{"@type":"WebPage","@id":"https:\/\/spx.com\/security-alerts\/fraud-alert\/","url":"https:\/\/spx.com\/security-alerts\/fraud-alert\/","name":"Fraud Alert - SPX Technologies in Charlotte, NC","isPartOf":{"@id":"https:\/\/spx.com\/#website"},"datePublished":"2017-10-03T18:28:34+00:00","dateModified":"2025-09-24T12:47:54+00:00","description":"SPX Technologies warns of fraudulent job offers and communications. Legitimate contact is only via @spx.com, and the company never requests payments. Use the official careers page to apply.","breadcrumb":{"@id":"https:\/\/spx.com\/security-alerts\/fraud-alert\/#breadcrumb"},"inLanguage":"fr-CA","potentialAction":[{"@type":"ReadAction","target":["https:\/\/spx.com\/security-alerts\/fraud-alert\/"]}]},{"@type":"BreadcrumbList","@id":"https:\/\/spx.com\/security-alerts\/fraud-alert\/#breadcrumb","itemListElement":[{"@type":"ListItem","position":1,"name":"Home","item":"https:\/\/spx.com\/"},{"@type":"ListItem","position":2,"name":"Security Alerts","item":"https:\/\/spx.com\/security-alerts\/"},{"@type":"ListItem","position":3,"name":"Fraud Alert"}]},{"@type":"WebSite","@id":"https:\/\/spx.com\/#website","url":"https:\/\/spx.com\/","name":"SPX Technologies in Charlotte, NC","description":"SPX Technologies est un fournisseur de produits et de technologies de haute technicit\u00e9, occupant une position de leader sur les march\u00e9s du CVC et de la d\u00e9tection et de la mesure.","publisher":{"@id":"https:\/\/spx.com\/#organization"},"potentialAction":[{"@type":"SearchAction","target":{"@type":"EntryPoint","urlTemplate":"https:\/\/spx.com\/?s={search_term_string}"},"query-input":{"@type":"PropertyValueSpecification","valueRequired":true,"valueName":"search_term_string"}}],"inLanguage":"fr-CA"},{"@type":"Organization","@id":"https:\/\/spx.com\/#organization","name":"SPX Corporation","url":"https:\/\/spx.com\/","logo":{"@type":"ImageObject","inLanguage":"fr-CA","@id":"https:\/\/spx.com\/#\/schema\/logo\/image\/","url":"https:\/\/live-spx-corp.pantheonsite.io\/wp-content\/uploads\/2018\/03\/SPX_LOGO_R_Vertical_RGB_480px.png","contentUrl":"https:\/\/live-spx-corp.pantheonsite.io\/wp-content\/uploads\/2018\/03\/SPX_LOGO_R_Vertical_RGB_480px.png","width":389,"height":480,"caption":"SPX Corporation"},"image":{"@id":"https:\/\/spx.com\/#\/schema\/logo\/image\/"}}]}},"_links":{"self":[{"href":"https:\/\/spx.com\/fr\/wp-json\/wp\/v2\/pages\/444","targetHints":{"allow":["GET"]}}],"collection":[{"href":"https:\/\/spx.com\/fr\/wp-json\/wp\/v2\/pages"}],"about":[{"href":"https:\/\/spx.com\/fr\/wp-json\/wp\/v2\/types\/page"}],"author":[{"embeddable":true,"href":"https:\/\/spx.com\/fr\/wp-json\/wp\/v2\/users\/4"}],"replies":[{"embeddable":true,"href":"https:\/\/spx.com\/fr\/wp-json\/wp\/v2\/comments?post=444"}],"version-history":[{"count":0,"href":"https:\/\/spx.com\/fr\/wp-json\/wp\/v2\/pages\/444\/revisions"}],"up":[{"embeddable":true,"href":"https:\/\/spx.com\/fr\/wp-json\/wp\/v2\/pages\/442"}],"wp:attachment":[{"href":"https:\/\/spx.com\/fr\/wp-json\/wp\/v2\/media?parent=444"}],"wp:term":[{"taxonomy":"dipi_cpt_category","embeddable":true,"href":"https:\/\/spx.com\/fr\/wp-json\/wp\/v2\/dipi_cpt_category?post=444"}],"curies":[{"name":"wp","href":"https:\/\/api.w.org\/{rel}","templated":true}]}}