{"id":452,"date":"2017-10-03T18:42:33","date_gmt":"2017-10-03T18:42:33","guid":{"rendered":"http:\/\/live-spx-corp.pantheonsite.io\/?page_id=452"},"modified":"2022-08-16T12:17:14","modified_gmt":"2022-08-16T12:17:14","slug":"vendor-line-of-credit-fraud","status":"publish","type":"page","link":"https:\/\/spx.com\/fr\/security-alerts\/vendor-line-of-credit-fraud\/","title":{"rendered":"Vendor Line of Credit Fraud"},"content":{"rendered":"<p><img decoding=\"async\" class=\"alignnone size-full wp-image-445\" src=\"https:\/\/live-spx-corp.pantheonsite.io\/wp-content\/uploads\/2017\/10\/848x221_FraudAlert.jpg\" alt=\"\" width=\"100%\" srcset=\"https:\/\/spx.com\/wp-content\/uploads\/2017\/10\/848x221_FraudAlert.jpg 848w, https:\/\/spx.com\/wp-content\/uploads\/2017\/10\/848x221_FraudAlert-300x78.jpg 300w, https:\/\/spx.com\/wp-content\/uploads\/2017\/10\/848x221_FraudAlert-768x200.jpg 768w\" sizes=\"(max-width: 848px) 100vw, 848px\" \/><\/p>\n<p>SPX Technologies has become aware of fraudulent emails and other avenues of contact to various suppliers with which SPX may or may not have established accounts.<\/p>\n<p>Those responsible for these hoaxes pretend to be associated with SPX and send emails, make phone calls, and\/or submit factious or dated public documentation to support their false association with SPX in an attempt to solicit goods and equipment from the suppliers on credit.<\/p>\n<p>Please note that these fraudulent solicitations are in no way affiliated with SPX Technologies. Communication from SPX via email will have the @spx.com extension.<\/p>\n<p>To assist with identification of a fraudulent attempt we suggest the following. These suggestions should be taken as general guidance and in no way as a solution to avoid this scam:<\/p>\n<ul>\n<li>Validate that the addresses on the communication are ACTUAL CURRENT SPX locations<\/li>\n<li>Validate that the email communications are from individuals with an @spx.com email address<\/li>\n<li>Validate that any supporting documentation is CURRENT<\/li>\n<li>Validate that any shipping address is going to an ACTUAL CURRENT SPX location<\/li>\n<li>Prior to filling PO requests we suggest vendors validate the PO through formal contact with SPX<\/li>\n<\/ul>\n<p>If you believe you have been asked to fill a fraudulent order and would like to report this to us, please email us at\u00a0<a href=\"mailto:fraud.notice@spx.com\">fraud.notice@spx.com<\/a>\u00a0with the information you can provide and contact information.<\/p>","protected":false},"excerpt":{"rendered":"<p>SPX Technologies has become aware of fraudulent emails and other avenues of contact to various suppliers with which SPX may or may not have established accounts. Those responsible for these hoaxes pretend to be associated with SPX and send emails, make phone calls, and\/or submit factious or dated public documentation to support their false association [&hellip;]<\/p>","protected":false},"author":4,"featured_media":0,"parent":442,"menu_order":0,"comment_status":"closed","ping_status":"closed","template":"","meta":{"_acf_changed":false,"_et_pb_use_builder":"","_et_pb_old_content":"","_et_gb_content_width":"","footnotes":""},"dipi_cpt_category":[],"class_list":["post-452","page","type-page","status-publish","hentry"],"acf":[],"yoast_head":"<!-- This site is optimized with the Yoast SEO plugin v26.9 - https:\/\/yoast.com\/product\/yoast-seo-wordpress\/ -->\n<title>Vendor Line of Credit Fraud - SPX Technologies in Charlotte, NC<\/title>\n<meta name=\"robots\" content=\"index, follow, max-snippet:-1, max-image-preview:large, max-video-preview:-1\" \/>\n<link rel=\"canonical\" href=\"https:\/\/spx.com\/fr\/security-alerts\/vendor-line-of-credit-fraud\/\" \/>\n<meta property=\"og:locale\" content=\"fr_CA\" \/>\n<meta property=\"og:type\" content=\"article\" \/>\n<meta property=\"og:title\" content=\"Vendor Line of Credit Fraud - SPX Technologies in Charlotte, NC\" \/>\n<meta property=\"og:description\" content=\"SPX Technologies has become aware of fraudulent emails and other avenues of contact to various suppliers with which SPX may or may not have established accounts. Those responsible for these hoaxes pretend to be associated with SPX and send emails, make phone calls, and\/or submit factious or dated public documentation to support their false association [&hellip;]\" \/>\n<meta property=\"og:url\" content=\"https:\/\/spx.com\/fr\/security-alerts\/vendor-line-of-credit-fraud\/\" \/>\n<meta property=\"og:site_name\" content=\"SPX Technologies in Charlotte, NC\" \/>\n<meta property=\"article:modified_time\" content=\"2022-08-16T12:17:14+00:00\" \/>\n<meta property=\"og:image\" content=\"https:\/\/live-spx-corp.pantheonsite.io\/wp-content\/uploads\/2017\/10\/848x221_FraudAlert.jpg\" \/>\n<meta name=\"twitter:card\" content=\"summary_large_image\" \/>\n<meta name=\"twitter:label1\" content=\"Estimation du temps de lecture\" \/>\n\t<meta name=\"twitter:data1\" content=\"2 minutes\" \/>\n<script type=\"application\/ld+json\" class=\"yoast-schema-graph\">{\"@context\":\"https:\/\/schema.org\",\"@graph\":[{\"@type\":\"WebPage\",\"@id\":\"https:\/\/spx.com\/security-alerts\/vendor-line-of-credit-fraud\/\",\"url\":\"https:\/\/spx.com\/security-alerts\/vendor-line-of-credit-fraud\/\",\"name\":\"Vendor Line of Credit Fraud - SPX Technologies in Charlotte, NC\",\"isPartOf\":{\"@id\":\"https:\/\/spx.com\/#website\"},\"primaryImageOfPage\":{\"@id\":\"https:\/\/spx.com\/security-alerts\/vendor-line-of-credit-fraud\/#primaryimage\"},\"image\":{\"@id\":\"https:\/\/spx.com\/security-alerts\/vendor-line-of-credit-fraud\/#primaryimage\"},\"thumbnailUrl\":\"https:\/\/live-spx-corp.pantheonsite.io\/wp-content\/uploads\/2017\/10\/848x221_FraudAlert.jpg\",\"datePublished\":\"2017-10-03T18:42:33+00:00\",\"dateModified\":\"2022-08-16T12:17:14+00:00\",\"breadcrumb\":{\"@id\":\"https:\/\/spx.com\/security-alerts\/vendor-line-of-credit-fraud\/#breadcrumb\"},\"inLanguage\":\"fr-CA\",\"potentialAction\":[{\"@type\":\"ReadAction\",\"target\":[\"https:\/\/spx.com\/security-alerts\/vendor-line-of-credit-fraud\/\"]}]},{\"@type\":\"ImageObject\",\"inLanguage\":\"fr-CA\",\"@id\":\"https:\/\/spx.com\/security-alerts\/vendor-line-of-credit-fraud\/#primaryimage\",\"url\":\"https:\/\/live-spx-corp.pantheonsite.io\/wp-content\/uploads\/2017\/10\/848x221_FraudAlert.jpg\",\"contentUrl\":\"https:\/\/live-spx-corp.pantheonsite.io\/wp-content\/uploads\/2017\/10\/848x221_FraudAlert.jpg\"},{\"@type\":\"BreadcrumbList\",\"@id\":\"https:\/\/spx.com\/security-alerts\/vendor-line-of-credit-fraud\/#breadcrumb\",\"itemListElement\":[{\"@type\":\"ListItem\",\"position\":1,\"name\":\"Home\",\"item\":\"https:\/\/spx.com\/\"},{\"@type\":\"ListItem\",\"position\":2,\"name\":\"Security Alerts\",\"item\":\"https:\/\/spx.com\/security-alerts\/\"},{\"@type\":\"ListItem\",\"position\":3,\"name\":\"Vendor Line of Credit Fraud\"}]},{\"@type\":\"WebSite\",\"@id\":\"https:\/\/spx.com\/#website\",\"url\":\"https:\/\/spx.com\/\",\"name\":\"SPX Technologies in Charlotte, NC\",\"description\":\"SPX Technologies is a supplier of highly engineered products and technologies, holding leadership positions in the HVAC and detection and measurement markets.\",\"publisher\":{\"@id\":\"https:\/\/spx.com\/#organization\"},\"potentialAction\":[{\"@type\":\"SearchAction\",\"target\":{\"@type\":\"EntryPoint\",\"urlTemplate\":\"https:\/\/spx.com\/?s={search_term_string}\"},\"query-input\":{\"@type\":\"PropertyValueSpecification\",\"valueRequired\":true,\"valueName\":\"search_term_string\"}}],\"inLanguage\":\"fr-CA\"},{\"@type\":\"Organization\",\"@id\":\"https:\/\/spx.com\/#organization\",\"name\":\"SPX Corporation\",\"url\":\"https:\/\/spx.com\/\",\"logo\":{\"@type\":\"ImageObject\",\"inLanguage\":\"fr-CA\",\"@id\":\"https:\/\/spx.com\/#\/schema\/logo\/image\/\",\"url\":\"https:\/\/live-spx-corp.pantheonsite.io\/wp-content\/uploads\/2018\/03\/SPX_LOGO_R_Vertical_RGB_480px.png\",\"contentUrl\":\"https:\/\/live-spx-corp.pantheonsite.io\/wp-content\/uploads\/2018\/03\/SPX_LOGO_R_Vertical_RGB_480px.png\",\"width\":389,\"height\":480,\"caption\":\"SPX Corporation\"},\"image\":{\"@id\":\"https:\/\/spx.com\/#\/schema\/logo\/image\/\"}}]}<\/script>\n<!-- \/ Yoast SEO plugin. -->","yoast_head_json":{"title":"Vendor Line of Credit Fraud - SPX Technologies in Charlotte, NC","robots":{"index":"index","follow":"follow","max-snippet":"max-snippet:-1","max-image-preview":"max-image-preview:large","max-video-preview":"max-video-preview:-1"},"canonical":"https:\/\/spx.com\/fr\/security-alerts\/vendor-line-of-credit-fraud\/","og_locale":"fr_CA","og_type":"article","og_title":"Vendor Line of Credit Fraud - SPX Technologies in Charlotte, NC","og_description":"SPX Technologies has become aware of fraudulent emails and other avenues of contact to various suppliers with which SPX may or may not have established accounts. Those responsible for these hoaxes pretend to be associated with SPX and send emails, make phone calls, and\/or submit factious or dated public documentation to support their false association [&hellip;]","og_url":"https:\/\/spx.com\/fr\/security-alerts\/vendor-line-of-credit-fraud\/","og_site_name":"SPX Technologies in Charlotte, NC","article_modified_time":"2022-08-16T12:17:14+00:00","og_image":[{"url":"https:\/\/live-spx-corp.pantheonsite.io\/wp-content\/uploads\/2017\/10\/848x221_FraudAlert.jpg","type":"","width":"","height":""}],"twitter_card":"summary_large_image","twitter_misc":{"Estimation du temps de lecture":"2 minutes"},"schema":{"@context":"https:\/\/schema.org","@graph":[{"@type":"WebPage","@id":"https:\/\/spx.com\/security-alerts\/vendor-line-of-credit-fraud\/","url":"https:\/\/spx.com\/security-alerts\/vendor-line-of-credit-fraud\/","name":"Vendor Line of Credit Fraud - SPX Technologies in Charlotte, NC","isPartOf":{"@id":"https:\/\/spx.com\/#website"},"primaryImageOfPage":{"@id":"https:\/\/spx.com\/security-alerts\/vendor-line-of-credit-fraud\/#primaryimage"},"image":{"@id":"https:\/\/spx.com\/security-alerts\/vendor-line-of-credit-fraud\/#primaryimage"},"thumbnailUrl":"https:\/\/live-spx-corp.pantheonsite.io\/wp-content\/uploads\/2017\/10\/848x221_FraudAlert.jpg","datePublished":"2017-10-03T18:42:33+00:00","dateModified":"2022-08-16T12:17:14+00:00","breadcrumb":{"@id":"https:\/\/spx.com\/security-alerts\/vendor-line-of-credit-fraud\/#breadcrumb"},"inLanguage":"fr-CA","potentialAction":[{"@type":"ReadAction","target":["https:\/\/spx.com\/security-alerts\/vendor-line-of-credit-fraud\/"]}]},{"@type":"ImageObject","inLanguage":"fr-CA","@id":"https:\/\/spx.com\/security-alerts\/vendor-line-of-credit-fraud\/#primaryimage","url":"https:\/\/live-spx-corp.pantheonsite.io\/wp-content\/uploads\/2017\/10\/848x221_FraudAlert.jpg","contentUrl":"https:\/\/live-spx-corp.pantheonsite.io\/wp-content\/uploads\/2017\/10\/848x221_FraudAlert.jpg"},{"@type":"BreadcrumbList","@id":"https:\/\/spx.com\/security-alerts\/vendor-line-of-credit-fraud\/#breadcrumb","itemListElement":[{"@type":"ListItem","position":1,"name":"Home","item":"https:\/\/spx.com\/"},{"@type":"ListItem","position":2,"name":"Security Alerts","item":"https:\/\/spx.com\/security-alerts\/"},{"@type":"ListItem","position":3,"name":"Vendor Line of Credit Fraud"}]},{"@type":"WebSite","@id":"https:\/\/spx.com\/#website","url":"https:\/\/spx.com\/","name":"SPX Technologies in Charlotte, NC","description":"SPX Technologies est un fournisseur de produits et de technologies de haute technicit\u00e9, occupant une position de leader sur les march\u00e9s du CVC et de la d\u00e9tection et de la mesure.","publisher":{"@id":"https:\/\/spx.com\/#organization"},"potentialAction":[{"@type":"SearchAction","target":{"@type":"EntryPoint","urlTemplate":"https:\/\/spx.com\/?s={search_term_string}"},"query-input":{"@type":"PropertyValueSpecification","valueRequired":true,"valueName":"search_term_string"}}],"inLanguage":"fr-CA"},{"@type":"Organization","@id":"https:\/\/spx.com\/#organization","name":"SPX Corporation","url":"https:\/\/spx.com\/","logo":{"@type":"ImageObject","inLanguage":"fr-CA","@id":"https:\/\/spx.com\/#\/schema\/logo\/image\/","url":"https:\/\/live-spx-corp.pantheonsite.io\/wp-content\/uploads\/2018\/03\/SPX_LOGO_R_Vertical_RGB_480px.png","contentUrl":"https:\/\/live-spx-corp.pantheonsite.io\/wp-content\/uploads\/2018\/03\/SPX_LOGO_R_Vertical_RGB_480px.png","width":389,"height":480,"caption":"SPX Corporation"},"image":{"@id":"https:\/\/spx.com\/#\/schema\/logo\/image\/"}}]}},"_links":{"self":[{"href":"https:\/\/spx.com\/fr\/wp-json\/wp\/v2\/pages\/452","targetHints":{"allow":["GET"]}}],"collection":[{"href":"https:\/\/spx.com\/fr\/wp-json\/wp\/v2\/pages"}],"about":[{"href":"https:\/\/spx.com\/fr\/wp-json\/wp\/v2\/types\/page"}],"author":[{"embeddable":true,"href":"https:\/\/spx.com\/fr\/wp-json\/wp\/v2\/users\/4"}],"replies":[{"embeddable":true,"href":"https:\/\/spx.com\/fr\/wp-json\/wp\/v2\/comments?post=452"}],"version-history":[{"count":0,"href":"https:\/\/spx.com\/fr\/wp-json\/wp\/v2\/pages\/452\/revisions"}],"up":[{"embeddable":true,"href":"https:\/\/spx.com\/fr\/wp-json\/wp\/v2\/pages\/442"}],"wp:attachment":[{"href":"https:\/\/spx.com\/fr\/wp-json\/wp\/v2\/media?parent=452"}],"wp:term":[{"taxonomy":"dipi_cpt_category","embeddable":true,"href":"https:\/\/spx.com\/fr\/wp-json\/wp\/v2\/dipi_cpt_category?post=452"}],"curies":[{"name":"wp","href":"https:\/\/api.w.org\/{rel}","templated":true}]}}