{"id":47,"date":"2017-08-22T17:12:07","date_gmt":"2017-08-22T17:12:07","guid":{"rendered":"http:\/\/live-spx-corp.pantheonsite.io\/?page_id=47"},"modified":"2025-09-17T01:05:36","modified_gmt":"2025-09-17T01:05:36","slug":"corporate-governance","status":"publish","type":"page","link":"https:\/\/spx.com\/fr\/corporate-governance\/","title":{"rendered":"Gouvernance d'entreprise"},"content":{"rendered":"<p>[et_pb_section fb_built=&#8221;1&#8243; _builder_version=&#8221;4.27.4&#8243; _module_preset=&#8221;default&#8221; custom_margin=&#8221;0px||||false|false&#8221; custom_padding=&#8221;20px||10px||false|false&#8221; global_colors_info=&#8221;{}&#8221;][et_pb_row _builder_version=&#8221;4.27.4&#8243; _module_preset=&#8221;default&#8221; custom_margin=&#8221;||||false|false&#8221; custom_padding=&#8221;||20px||false|false&#8221; global_colors_info=&#8221;{}&#8221;][et_pb_column type=&#8221;4_4&#8243; _builder_version=&#8221;4.27.4&#8243; _module_preset=&#8221;default&#8221; global_colors_info=&#8221;{}&#8221;][et_pb_text _builder_version=&#8221;4.27.4&#8243; _module_preset=&#8221;default&#8221; text_font_size=&#8221;12px&#8221; global_colors_info=&#8221;{}&#8221;]<a href=\"\/fr\/\">Accueil<\/a> &gt; Investor Relations &gt; Corporate Governance &gt; Corporate Governance[\/et_pb_text][\/et_pb_column][\/et_pb_row][et_pb_row column_structure=&#8221;3_5,2_5&#8243; _builder_version=&#8221;4.27.4&#8243; _module_preset=&#8221;default&#8221; custom_margin=&#8221;0px||0px||false|false&#8221; custom_padding=&#8221;0px||0px||false|false&#8221; global_colors_info=&#8221;{}&#8221;][et_pb_column type=&#8221;3_5&#8243; _builder_version=&#8221;4.27.4&#8243; _module_preset=&#8221;default&#8221; global_colors_info=&#8221;{}&#8221;][et_pb_post_title meta=&#8221;off&#8221; featured_image=&#8221;off&#8221; _builder_version=&#8221;4.27.4&#8243; _module_preset=&#8221;default&#8221; title_font=&#8221;|600||on|||||&#8221; title_text_color=&#8221;#004C97&#8243; title_font_size=&#8221;60px&#8221; custom_margin=&#8221;||6px||false|false&#8221; title_font_size_tablet=&#8221;60px&#8221; title_font_size_phone=&#8221;58px&#8221; title_font_size_last_edited=&#8221;on|phone&#8221; global_colors_info=&#8221;{}&#8221;][\/et_pb_post_title][et_pb_text _builder_version=&#8221;4.27.4&#8243; _module_preset=&#8221;default&#8221; custom_margin=&#8221;||12px||false|false&#8221; global_colors_info=&#8221;{}&#8221;]At SPX Technologies, our corporate board members and leadership team are committed to acting responsibly and providing objective, informed leadership. They respect and value the trust of our shareholders, employees, business partners and the public, who rely on the safe, ethical and effective management of our company.<\/p>\n<p>In this Corporate Governance section, you\u2019ll find information on policies and procedures that affect the management of SPX Technologies, as well as background on the people at SPX who oversee this process.[\/et_pb_text][et_pb_text _builder_version=&#8221;4.27.4&#8243; _module_preset=&#8221;default&#8221; hover_enabled=&#8221;0&#8243; global_colors_info=&#8221;{}&#8221; sticky_enabled=&#8221;0&#8243;]<\/p>\n<ul>\n<li class=\"page_item page-item-512\"><a href=\"\/fr\/corporate-governance\/board-committees\/\">Comit\u00e9s du conseil d'administration<\/a><\/li>\n<li class=\"page_item page-item-501\"><a href=\"\/fr\/corporate-governance\/spx-board-of-directors\/\">Conseil d'administration<\/a><\/li>\n<li class=\"page_item page-item-497\"><a href=\"\/fr\/our-company\/commitment-to-compliance\/\">Engagement en mati\u00e8re d'\u00e9thique et de conformit\u00e9<\/a><\/li>\n<li><a href=\"\/wp-content\/uploads\/2025\/05\/SPXC-Bylaws-2024-17008060-v4.pdf\" target=\"_blank\" rel=\"noopener\">Statuts de la soci\u00e9t\u00e9<\/a><\/li>\n<li class=\"page_item page-item-522\"><a href=\"\/fr\/corporate-governance\/conflict-minerals\/\">Min\u00e9raux de la guerre<\/a><\/li>\n<li class=\"page_item page-item-499\"><a href=\"\/fr\/corporate-governance\/corporate-governance-guidelines\/\">Lignes directrices en mati\u00e8re de gouvernance d'entreprise<\/a><\/li>\n<li class=\"page_item page-item-2518\"><a href=\"\/fr\/our-company\/people\/\">Inclusion Statement<\/a><\/li>\n<li class=\"page_item page-item-524\"><a href=\"\/fr\/corporate-governance\/environmental-health-and-safety-policy-and-sustainability-performance-reporting\/\">Politique en mati\u00e8re d'environnement, de sant\u00e9 et de s\u00e9curit\u00e9 et performances en mati\u00e8re de d\u00e9veloppement durable<\/a><\/li>\n<li class=\"page_item page-item-514\"><a href=\"\/fr\/corporate-governance\/officers\/\">Agents<\/a><\/li>\n<li class=\"page_item page-item-510\"><a href=\"\/fr\/corporate-governance\/independence-standards\/\">Normes d'ind\u00e9pendance<\/a><\/li>\n<li class=\"page_item page-item-526\"><a href=\"\/fr\/corporate-governance\/supply-chain\/\">Cha\u00eene d'approvisionnement<\/a><\/li>\n<li class=\"page_item page-item-1149\"><a href=\"\/fr\/investor-relations\/corporate-governance\/uk-tax\/\">Strat\u00e9gie fiscale au Royaume-Uni<\/a><\/li>\n<\/ul>\n<p>[\/et_pb_text][\/et_pb_column][et_pb_column type=&#8221;2_5&#8243; _builder_version=&#8221;4.27.4&#8243; _module_preset=&#8221;default&#8221; global_colors_info=&#8221;{}&#8221;][et_pb_image src=&#8221;https:\/\/spx.com\/wp-content\/uploads\/2025\/08\/corporategovernance-1.jpg&#8221; alt=&#8221;SPX Corporate Governance&#8221; _builder_version=&#8221;4.27.4&#8243; _module_preset=&#8221;default&#8221; box_shadow_style=&#8221;preset3&#8243; global_colors_info=&#8221;{}&#8221;][\/et_pb_image][\/et_pb_column][\/et_pb_row][et_pb_row _builder_version=&#8221;4.27.4&#8243; _module_preset=&#8221;default&#8221; custom_margin=&#8221;0px||||false|false&#8221; custom_padding=&#8221;0px||||false|false&#8221; global_colors_info=&#8221;{}&#8221;][et_pb_column type=&#8221;4_4&#8243; _builder_version=&#8221;4.27.4&#8243; _module_preset=&#8221;default&#8221; global_colors_info=&#8221;{}&#8221;][\/et_pb_column][\/et_pb_row][\/et_pb_section]<\/p>","protected":false},"excerpt":{"rendered":"<p>Home &gt; Investor Relations &gt; Corporate Governance &gt; Corporate GovernanceAt SPX Technologies, our corporate board members and leadership team are committed to acting responsibly and providing objective, informed leadership. They respect and value the trust of our shareholders, employees, business partners and the public, who rely on the safe, ethical and effective management of our [&hellip;]<\/p>","protected":false},"author":4,"featured_media":0,"parent":0,"menu_order":0,"comment_status":"closed","ping_status":"closed","template":"","meta":{"_acf_changed":false,"_et_pb_use_builder":"on","_et_pb_old_content":"","_et_gb_content_width":"","footnotes":""},"dipi_cpt_category":[],"class_list":["post-47","page","type-page","status-publish","hentry"],"acf":[],"yoast_head":"<!-- This site is optimized with the Yoast SEO plugin v27.4 - https:\/\/yoast.com\/product\/yoast-seo-wordpress\/ -->\n<title>Corporate Governance - SPX Technologies in Charlotte, NC<\/title>\n<meta name=\"description\" content=\"SPX Technologies is committed to responsible leadership and ethical management, ensuring the trust of shareholders, employees, and the public. Our Corporate Governance section provides detailed information on board committees, directors, ethics and compliance policies, and sustainability practices, reflecting our dedication to transparency and accountability.\" \/>\n<meta name=\"robots\" content=\"index, follow, max-snippet:-1, max-image-preview:large, max-video-preview:-1\" \/>\n<link rel=\"canonical\" href=\"https:\/\/spx.com\/fr\/corporate-governance\/\" \/>\n<meta property=\"og:locale\" content=\"fr_CA\" \/>\n<meta property=\"og:type\" content=\"article\" \/>\n<meta property=\"og:title\" content=\"Corporate Governance - SPX Technologies in Charlotte, NC\" \/>\n<meta property=\"og:description\" content=\"SPX Technologies is committed to responsible leadership and ethical management, ensuring the trust of shareholders, employees, and the public. Our Corporate Governance section provides detailed information on board committees, directors, ethics and compliance policies, and sustainability practices, reflecting our dedication to transparency and accountability.\" \/>\n<meta property=\"og:url\" content=\"https:\/\/spx.com\/fr\/corporate-governance\/\" \/>\n<meta property=\"og:site_name\" content=\"SPX Technologies in Charlotte, NC\" \/>\n<meta property=\"article:modified_time\" content=\"2025-09-17T01:05:36+00:00\" \/>\n<meta name=\"twitter:card\" content=\"summary_large_image\" \/>\n<meta name=\"twitter:label1\" content=\"Estimation du temps de lecture\" \/>\n\t<meta name=\"twitter:data1\" content=\"1 minute\" \/>\n<script type=\"application\/ld+json\" class=\"yoast-schema-graph\">{\"@context\":\"https:\\\/\\\/schema.org\",\"@graph\":[{\"@type\":\"WebPage\",\"@id\":\"https:\\\/\\\/spx.com\\\/corporate-governance\\\/\",\"url\":\"https:\\\/\\\/spx.com\\\/corporate-governance\\\/\",\"name\":\"Corporate Governance - SPX Technologies in Charlotte, NC\",\"isPartOf\":{\"@id\":\"https:\\\/\\\/spx.com\\\/#website\"},\"datePublished\":\"2017-08-22T17:12:07+00:00\",\"dateModified\":\"2025-09-17T01:05:36+00:00\",\"description\":\"SPX Technologies is committed to responsible leadership and ethical management, ensuring the trust of shareholders, employees, and the public. Our Corporate Governance section provides detailed information on board committees, directors, ethics and compliance policies, and sustainability practices, reflecting our dedication to transparency and accountability.\",\"breadcrumb\":{\"@id\":\"https:\\\/\\\/spx.com\\\/corporate-governance\\\/#breadcrumb\"},\"inLanguage\":\"fr-CA\",\"potentialAction\":[{\"@type\":\"ReadAction\",\"target\":[\"https:\\\/\\\/spx.com\\\/corporate-governance\\\/\"]}]},{\"@type\":\"BreadcrumbList\",\"@id\":\"https:\\\/\\\/spx.com\\\/corporate-governance\\\/#breadcrumb\",\"itemListElement\":[{\"@type\":\"ListItem\",\"position\":1,\"name\":\"Home\",\"item\":\"https:\\\/\\\/spx.com\\\/\"},{\"@type\":\"ListItem\",\"position\":2,\"name\":\"Corporate Governance\"}]},{\"@type\":\"WebSite\",\"@id\":\"https:\\\/\\\/spx.com\\\/#website\",\"url\":\"https:\\\/\\\/spx.com\\\/\",\"name\":\"SPX Technologies in Charlotte, NC\",\"description\":\"SPX Technologies is a supplier of highly engineered products and technologies, holding leadership positions in the HVAC and detection and measurement markets.\",\"publisher\":{\"@id\":\"https:\\\/\\\/spx.com\\\/#organization\"},\"potentialAction\":[{\"@type\":\"SearchAction\",\"target\":{\"@type\":\"EntryPoint\",\"urlTemplate\":\"https:\\\/\\\/spx.com\\\/?s={search_term_string}\"},\"query-input\":{\"@type\":\"PropertyValueSpecification\",\"valueRequired\":true,\"valueName\":\"search_term_string\"}}],\"inLanguage\":\"fr-CA\"},{\"@type\":\"Organization\",\"@id\":\"https:\\\/\\\/spx.com\\\/#organization\",\"name\":\"SPX Corporation\",\"url\":\"https:\\\/\\\/spx.com\\\/\",\"logo\":{\"@type\":\"ImageObject\",\"inLanguage\":\"fr-CA\",\"@id\":\"https:\\\/\\\/spx.com\\\/#\\\/schema\\\/logo\\\/image\\\/\",\"url\":\"https:\\\/\\\/live-spx-corp.pantheonsite.io\\\/wp-content\\\/uploads\\\/2018\\\/03\\\/SPX_LOGO_R_Vertical_RGB_480px.png\",\"contentUrl\":\"https:\\\/\\\/live-spx-corp.pantheonsite.io\\\/wp-content\\\/uploads\\\/2018\\\/03\\\/SPX_LOGO_R_Vertical_RGB_480px.png\",\"width\":389,\"height\":480,\"caption\":\"SPX Corporation\"},\"image\":{\"@id\":\"https:\\\/\\\/spx.com\\\/#\\\/schema\\\/logo\\\/image\\\/\"}}]}<\/script>\n<!-- \/ Yoast SEO plugin. -->","yoast_head_json":{"title":"Corporate Governance - SPX Technologies in Charlotte, NC","description":"SPX Technologies is committed to responsible leadership and ethical management, ensuring the trust of shareholders, employees, and the public. Our Corporate Governance section provides detailed information on board committees, directors, ethics and compliance policies, and sustainability practices, reflecting our dedication to transparency and accountability.","robots":{"index":"index","follow":"follow","max-snippet":"max-snippet:-1","max-image-preview":"max-image-preview:large","max-video-preview":"max-video-preview:-1"},"canonical":"https:\/\/spx.com\/fr\/corporate-governance\/","og_locale":"fr_CA","og_type":"article","og_title":"Corporate Governance - SPX Technologies in Charlotte, NC","og_description":"SPX Technologies is committed to responsible leadership and ethical management, ensuring the trust of shareholders, employees, and the public. Our Corporate Governance section provides detailed information on board committees, directors, ethics and compliance policies, and sustainability practices, reflecting our dedication to transparency and accountability.","og_url":"https:\/\/spx.com\/fr\/corporate-governance\/","og_site_name":"SPX Technologies in Charlotte, NC","article_modified_time":"2025-09-17T01:05:36+00:00","twitter_card":"summary_large_image","twitter_misc":{"Estimation du temps de lecture":"1 minute"},"schema":{"@context":"https:\/\/schema.org","@graph":[{"@type":"WebPage","@id":"https:\/\/spx.com\/corporate-governance\/","url":"https:\/\/spx.com\/corporate-governance\/","name":"Corporate Governance - SPX Technologies in Charlotte, NC","isPartOf":{"@id":"https:\/\/spx.com\/#website"},"datePublished":"2017-08-22T17:12:07+00:00","dateModified":"2025-09-17T01:05:36+00:00","description":"SPX Technologies is committed to responsible leadership and ethical management, ensuring the trust of shareholders, employees, and the public. Our Corporate Governance section provides detailed information on board committees, directors, ethics and compliance policies, and sustainability practices, reflecting our dedication to transparency and accountability.","breadcrumb":{"@id":"https:\/\/spx.com\/corporate-governance\/#breadcrumb"},"inLanguage":"fr-CA","potentialAction":[{"@type":"ReadAction","target":["https:\/\/spx.com\/corporate-governance\/"]}]},{"@type":"BreadcrumbList","@id":"https:\/\/spx.com\/corporate-governance\/#breadcrumb","itemListElement":[{"@type":"ListItem","position":1,"name":"Home","item":"https:\/\/spx.com\/"},{"@type":"ListItem","position":2,"name":"Corporate Governance"}]},{"@type":"WebSite","@id":"https:\/\/spx.com\/#website","url":"https:\/\/spx.com\/","name":"SPX Technologies in Charlotte, NC","description":"SPX Technologies est un fournisseur de produits et de technologies de haute technicit\u00e9, occupant une position de leader sur les march\u00e9s du CVC et de la d\u00e9tection et de la mesure.","publisher":{"@id":"https:\/\/spx.com\/#organization"},"potentialAction":[{"@type":"SearchAction","target":{"@type":"EntryPoint","urlTemplate":"https:\/\/spx.com\/?s={search_term_string}"},"query-input":{"@type":"PropertyValueSpecification","valueRequired":true,"valueName":"search_term_string"}}],"inLanguage":"fr-CA"},{"@type":"Organization","@id":"https:\/\/spx.com\/#organization","name":"SPX Corporation","url":"https:\/\/spx.com\/","logo":{"@type":"ImageObject","inLanguage":"fr-CA","@id":"https:\/\/spx.com\/#\/schema\/logo\/image\/","url":"https:\/\/live-spx-corp.pantheonsite.io\/wp-content\/uploads\/2018\/03\/SPX_LOGO_R_Vertical_RGB_480px.png","contentUrl":"https:\/\/live-spx-corp.pantheonsite.io\/wp-content\/uploads\/2018\/03\/SPX_LOGO_R_Vertical_RGB_480px.png","width":389,"height":480,"caption":"SPX Corporation"},"image":{"@id":"https:\/\/spx.com\/#\/schema\/logo\/image\/"}}]}},"_links":{"self":[{"href":"https:\/\/spx.com\/fr\/wp-json\/wp\/v2\/pages\/47","targetHints":{"allow":["GET"]}}],"collection":[{"href":"https:\/\/spx.com\/fr\/wp-json\/wp\/v2\/pages"}],"about":[{"href":"https:\/\/spx.com\/fr\/wp-json\/wp\/v2\/types\/page"}],"author":[{"embeddable":true,"href":"https:\/\/spx.com\/fr\/wp-json\/wp\/v2\/users\/4"}],"replies":[{"embeddable":true,"href":"https:\/\/spx.com\/fr\/wp-json\/wp\/v2\/comments?post=47"}],"version-history":[{"count":0,"href":"https:\/\/spx.com\/fr\/wp-json\/wp\/v2\/pages\/47\/revisions"}],"wp:attachment":[{"href":"https:\/\/spx.com\/fr\/wp-json\/wp\/v2\/media?parent=47"}],"wp:term":[{"taxonomy":"dipi_cpt_category","embeddable":true,"href":"https:\/\/spx.com\/fr\/wp-json\/wp\/v2\/dipi_cpt_category?post=47"}],"curies":[{"name":"wp","href":"https:\/\/api.w.org\/{rel}","templated":true}]}}