{"id":512,"date":"2017-10-09T17:53:16","date_gmt":"2017-10-09T17:53:16","guid":{"rendered":"http:\/\/live-spx-corp.pantheonsite.io\/?page_id=512"},"modified":"2025-08-11T22:44:52","modified_gmt":"2025-08-11T22:44:52","slug":"board-committees","status":"publish","type":"page","link":"https:\/\/spx.com\/fr\/corporate-governance\/board-committees\/","title":{"rendered":"Comit\u00e9s du conseil d'administration"},"content":{"rendered":"<p>[et_pb_section fb_built=&#8221;1&#8243; _builder_version=&#8221;4.27.4&#8243; _module_preset=&#8221;default&#8221; custom_margin=&#8221;0px||||false|false&#8221; custom_padding=&#8221;20px||10px||false|false&#8221; global_colors_info=&#8221;{}&#8221;][et_pb_row _builder_version=&#8221;4.27.4&#8243; _module_preset=&#8221;default&#8221; custom_margin=&#8221;||||false|false&#8221; custom_padding=&#8221;||20px||false|false&#8221; global_colors_info=&#8221;{}&#8221;][et_pb_column type=&#8221;4_4&#8243; _builder_version=&#8221;4.27.4&#8243; _module_preset=&#8221;default&#8221; global_colors_info=&#8221;{}&#8221;][et_pb_text _builder_version=&#8221;4.27.4&#8243; _module_preset=&#8221;default&#8221; text_font_size=&#8221;12px&#8221; hover_enabled=&#8221;0&#8243; global_colors_info=&#8221;{}&#8221; sticky_enabled=&#8221;0&#8243;]<a href=\"\/fr\/\">Accueil<\/a> &gt; Investor Relations &gt; Corporate Governance &gt; Board Committees[\/et_pb_text][\/et_pb_column][\/et_pb_row][et_pb_row _builder_version=&#8221;4.27.4&#8243; _module_preset=&#8221;default&#8221; custom_margin=&#8221;0px||0px||false|false&#8221; custom_padding=&#8221;0px||0px||false|false&#8221; global_colors_info=&#8221;{}&#8221;][et_pb_column type=&#8221;4_4&#8243; _builder_version=&#8221;4.27.4&#8243; _module_preset=&#8221;default&#8221; global_colors_info=&#8221;{}&#8221;][et_pb_post_title meta=&#8221;off&#8221; featured_image=&#8221;off&#8221; _builder_version=&#8221;4.27.4&#8243; _module_preset=&#8221;default&#8221; title_font=&#8221;|600||on|||||&#8221; title_text_color=&#8221;#004C97&#8243; title_font_size=&#8221;60px&#8221; custom_margin=&#8221;||16px||false|false&#8221; global_colors_info=&#8221;{}&#8221;][\/et_pb_post_title][et_pb_text _builder_version=&#8221;4.27.4&#8243; _module_preset=&#8221;default&#8221; custom_margin=&#8221;||12px||false|false&#8221; hover_enabled=&#8221;0&#8243; global_colors_info=&#8221;{}&#8221; sticky_enabled=&#8221;0&#8243;]<\/p>\n<h3>Audit Committee<\/h3>\n<p>The Audit Committee is responsible for ensuring the integrity of the financial information reported by SPX. The Committee appoints the independent auditors, approves the scope of annual audits performed by them and by the internal audit staff, and reviews the results of those audits. The Committee also meets with management, the independent auditors and the internal audit staff to review audit results and opinions as well as financial, accounting and internal control matters.<\/p>\n<p><a class=\"pdf\" title=\"audit_charter\" href=\"\/wp-content\/uploads\/2025\/05\/SPX-Technologies-Audit-Committee-Charter-APPROVED-May-13-2025.pdf\" target=\"_blank\" rel=\"noopener noreferrer\"><img loading=\"lazy\" decoding=\"async\" title=\"Icon - PDF\" src=\"\/wp-content\/uploads\/2018\/01\/icon_pdf.gif\" alt=\"Icon - PDF\" width=\"15\" height=\"15\" \/> <strong>Audit Committee Charter (PDF)<\/strong><\/a><\/p>\n<p><strong>Members<br \/>\n<\/strong>Meenal Sethna, Committee Chair, Financial Expert<br \/>\nRick Puckett, Financial Expert<br \/>\nRobert Toth<br \/>\nTana Utley<br \/>\nAngel Shelton Willis<\/p>\n<p>&nbsp;<\/p>\n<h3>Compensation Committee<\/h3>\n<p>The Compensation Committee approves and makes recommendations to the Board relating to the compensation program for SPX\u2019s senior management, including executive employment agreements, stock option grants and other awards under the Stock Compensation Plan, as well as other awards.<\/p>\n<p><a class=\"pdf\" title=\"Compensation-Charter\" href=\"\/wp-content\/uploads\/2025\/05\/SPX-Technologies-Compensation-Committee-Charter-APPROVED-05-13-2025.pdf\" target=\"_blank\" rel=\"noopener noreferrer\"><img loading=\"lazy\" decoding=\"async\" title=\"Icon - PDF\" src=\"\/wp-content\/uploads\/2018\/01\/icon_pdf.gif\" alt=\"Icon - PDF\" width=\"15\" height=\"15\" \/> <strong>Compensation Committee Charter (PDF)<\/strong><\/a><\/p>\n<p><strong>Members<\/strong><br \/>\nRick Puckett, Committee Chair<br \/>\nDavid Roberts<br \/>\nDr. Ruth Shaw<br \/>\nRobert Toth<br \/>\nTana Utley<\/p>\n<h3>Governance &amp; Sustainability Committee<\/h3>\n<p>The Governance &amp; Sustainability Committee assists the Board in identifying qualified individuals to become Board members and recommending to the Board the director nominees; develops and recommends to the Board the Corporate Governance Guidelines applicable to SPX; leads the Board of Directors in its annual review of the Board\u2019s performance; approves and makes recommendations to the Board regarding the compensation of non-management directors; makes recommendations to the Board with respect to the assignment of individual directors to various committees; and oversees SPX\u2019s Sustainability practices.<\/p>\n<p><a href=\"\/wp-content\/uploads\/2025\/05\/SPX-Technologies-Governance-Sustainability-Committee-Charter-APPROVED-05-13-2025.pdf\"><img loading=\"lazy\" decoding=\"async\" title=\"Icon - PDF\" src=\"\/wp-content\/uploads\/2018\/01\/icon_pdf.gif\" alt=\"Icon - PDF\" width=\"15\" height=\"15\" \/><strong> Governance &amp; Sustainability Committee Charter (PDF)<\/strong><\/a><\/p>\n<p><strong>Members<\/strong><br \/>\nDr. Ruth Shaw, Committee Chair<br \/>\nPatrick O\u2019Leary<br \/>\nDave Roberts<br \/>\nMeenal Sethna<br \/>\nAngel Shelton Willis[\/et_pb_text][\/et_pb_column][\/et_pb_row][et_pb_row _builder_version=&#8221;4.27.4&#8243; _module_preset=&#8221;default&#8221; custom_margin=&#8221;0px||||false|false&#8221; custom_padding=&#8221;0px||||false|false&#8221; global_colors_info=&#8221;{}&#8221;][et_pb_column type=&#8221;4_4&#8243; _builder_version=&#8221;4.27.4&#8243; _module_preset=&#8221;default&#8221; global_colors_info=&#8221;{}&#8221;][\/et_pb_column][\/et_pb_row][\/et_pb_section]<\/p>","protected":false},"excerpt":{"rendered":"<p>Home &gt; Investor Relations &gt; Corporate Governance &gt; Board CommitteesAudit Committee The Audit Committee is responsible for ensuring the integrity of the financial information reported by SPX. The Committee appoints the independent auditors, approves the scope of annual audits performed by them and by the internal audit staff, and reviews the results of those audits. [&hellip;]<\/p>","protected":false},"author":4,"featured_media":0,"parent":47,"menu_order":0,"comment_status":"closed","ping_status":"closed","template":"","meta":{"_acf_changed":false,"_et_pb_use_builder":"on","_et_pb_old_content":"<h3>Audit Committee<\/h3>\r\nThe Audit Committee is responsible for ensuring the integrity of the financial information reported by SPX. The Committee appoints the independent auditors, approves the scope of annual audits performed by them and by the internal audit staff, and reviews the results of those audits. The Committee also meets with management, the independent auditors and the internal audit staff to review audit results and opinions as well as financial, accounting and internal control matters.\r\n\r\n<a class=\"pdf\" title=\"audit_charter\" href=\"\/wp-content\/uploads\/2025\/05\/SPX-Technologies-Audit-Committee-Charter-APPROVED-May-13-2025.pdf\" target=\"_blank\" rel=\"noopener noreferrer\"><img title=\"Icon - PDF\" src=\"\/wp-content\/uploads\/2018\/01\/icon_pdf.gif\" alt=\"Icon - PDF\" width=\"15\" height=\"15\" \/> <strong>Audit Committee Charter (PDF)<\/strong><\/a>\r\n\r\n<strong>Members\r\n<\/strong>Meenal Sethna, Committee Chair, Financial Expert\r\nRick Puckett, Financial Expert\r\nRobert Toth\r\nTana Utley\r\nAngel Shelton Willis\r\n\r\n\u00a0\r\n<h3>Compensation Committee<\/h3>\r\nThe Compensation Committee approves and makes recommendations to the Board relating to the compensation program for SPX\u2019s senior management, including executive employment agreements, stock option grants and other awards under the Stock Compensation Plan, as well as other awards.\r\n\r\n<a class=\"pdf\" title=\"Compensation-Charter\" href=\"\/wp-content\/uploads\/2025\/05\/SPX-Technologies-Compensation-Committee-Charter-APPROVED-05-13-2025.pdf\" target=\"_blank\" rel=\"noopener noreferrer\"><img title=\"Icon - PDF\" src=\"\/wp-content\/uploads\/2018\/01\/icon_pdf.gif\" alt=\"Icon - PDF\" width=\"15\" height=\"15\" \/> <strong>Compensation Committee Charter (PDF)<\/strong><\/a>\r\n\r\n<strong>Members<\/strong>\r\nRick Puckett, Committee Chair\r\nDavid Roberts\r\nDr. Ruth Shaw\r\nRobert Toth\r\nTana Utley\r\n<h3>Governance & Sustainability Committee<\/h3>\r\nThe Governance & Sustainability Committee assists the Board in identifying qualified individuals to become Board members and recommending to the Board the director nominees; develops and recommends to the Board the Corporate Governance Guidelines applicable to SPX; leads the Board of Directors in its annual review of the Board\u2019s performance; approves and makes recommendations to the Board regarding the compensation of non-management directors; makes recommendations to the Board with respect to the assignment of individual directors to various committees; and oversees SPX\u2019s Sustainability practices.\r\n\r\n<a href=\"\/wp-content\/uploads\/2025\/05\/SPX-Technologies-Governance-Sustainability-Committee-Charter-APPROVED-05-13-2025.pdf\"><img title=\"Icon - PDF\" src=\"\/wp-content\/uploads\/2018\/01\/icon_pdf.gif\" alt=\"Icon - PDF\" width=\"15\" height=\"15\" \/><strong> Governance & Sustainability Committee Charter (PDF)<\/strong><\/a>\r\n\r\n<strong>Members<\/strong>\r\nDr. Ruth Shaw, Committee Chair\r\nPatrick O\u2019Leary\r\nDave Roberts\r\nMeenal Sethna\r\nAngel Shelton Willis","_et_gb_content_width":"","footnotes":""},"dipi_cpt_category":[],"class_list":["post-512","page","type-page","status-publish","hentry"],"acf":[],"yoast_head":"<!-- This site is optimized with the Yoast SEO plugin v27.4 - https:\/\/yoast.com\/product\/yoast-seo-wordpress\/ -->\n<title>Board Committees - SPX Technologies in Charlotte, NC<\/title>\n<meta name=\"description\" content=\"SPX Technologies upholds strong governance through three Board Committees\u2014Audit, Compensation, and Governance &amp; Sustainability\u2014each led by independent experts ensuring integrity, accountability, and long-term value.\" \/>\n<meta name=\"robots\" content=\"index, follow, max-snippet:-1, max-image-preview:large, max-video-preview:-1\" \/>\n<link rel=\"canonical\" href=\"https:\/\/spx.com\/fr\/corporate-governance\/board-committees\/\" \/>\n<meta property=\"og:locale\" content=\"fr_CA\" \/>\n<meta property=\"og:type\" content=\"article\" \/>\n<meta property=\"og:title\" content=\"Board Committees - SPX Technologies in Charlotte, NC\" \/>\n<meta property=\"og:description\" content=\"SPX Technologies upholds strong governance through three Board Committees\u2014Audit, Compensation, and Governance &amp; Sustainability\u2014each led by independent experts ensuring integrity, accountability, and long-term value.\" \/>\n<meta property=\"og:url\" content=\"https:\/\/spx.com\/fr\/corporate-governance\/board-committees\/\" \/>\n<meta property=\"og:site_name\" content=\"SPX Technologies in Charlotte, NC\" \/>\n<meta property=\"article:modified_time\" content=\"2025-08-11T22:44:52+00:00\" \/>\n<meta name=\"twitter:card\" content=\"summary_large_image\" \/>\n<meta name=\"twitter:label1\" content=\"Estimation du temps de lecture\" \/>\n\t<meta name=\"twitter:data1\" content=\"2 minutes\" \/>\n<script type=\"application\/ld+json\" class=\"yoast-schema-graph\">{\"@context\":\"https:\\\/\\\/schema.org\",\"@graph\":[{\"@type\":\"WebPage\",\"@id\":\"https:\\\/\\\/spx.com\\\/corporate-governance\\\/board-committees\\\/\",\"url\":\"https:\\\/\\\/spx.com\\\/corporate-governance\\\/board-committees\\\/\",\"name\":\"Board Committees - SPX Technologies in Charlotte, NC\",\"isPartOf\":{\"@id\":\"https:\\\/\\\/spx.com\\\/#website\"},\"datePublished\":\"2017-10-09T17:53:16+00:00\",\"dateModified\":\"2025-08-11T22:44:52+00:00\",\"description\":\"SPX Technologies upholds strong governance through three Board Committees\u2014Audit, Compensation, and Governance & Sustainability\u2014each led by independent experts ensuring integrity, accountability, and long-term value.\",\"breadcrumb\":{\"@id\":\"https:\\\/\\\/spx.com\\\/corporate-governance\\\/board-committees\\\/#breadcrumb\"},\"inLanguage\":\"fr-CA\",\"potentialAction\":[{\"@type\":\"ReadAction\",\"target\":[\"https:\\\/\\\/spx.com\\\/corporate-governance\\\/board-committees\\\/\"]}]},{\"@type\":\"BreadcrumbList\",\"@id\":\"https:\\\/\\\/spx.com\\\/corporate-governance\\\/board-committees\\\/#breadcrumb\",\"itemListElement\":[{\"@type\":\"ListItem\",\"position\":1,\"name\":\"Home\",\"item\":\"https:\\\/\\\/spx.com\\\/\"},{\"@type\":\"ListItem\",\"position\":2,\"name\":\"Corporate Governance\",\"item\":\"https:\\\/\\\/spx.com\\\/corporate-governance\\\/\"},{\"@type\":\"ListItem\",\"position\":3,\"name\":\"Board Committees\"}]},{\"@type\":\"WebSite\",\"@id\":\"https:\\\/\\\/spx.com\\\/#website\",\"url\":\"https:\\\/\\\/spx.com\\\/\",\"name\":\"SPX Technologies in Charlotte, NC\",\"description\":\"SPX Technologies is a supplier of highly engineered products and technologies, holding leadership positions in the HVAC and detection and measurement markets.\",\"publisher\":{\"@id\":\"https:\\\/\\\/spx.com\\\/#organization\"},\"potentialAction\":[{\"@type\":\"SearchAction\",\"target\":{\"@type\":\"EntryPoint\",\"urlTemplate\":\"https:\\\/\\\/spx.com\\\/?s={search_term_string}\"},\"query-input\":{\"@type\":\"PropertyValueSpecification\",\"valueRequired\":true,\"valueName\":\"search_term_string\"}}],\"inLanguage\":\"fr-CA\"},{\"@type\":\"Organization\",\"@id\":\"https:\\\/\\\/spx.com\\\/#organization\",\"name\":\"SPX Corporation\",\"url\":\"https:\\\/\\\/spx.com\\\/\",\"logo\":{\"@type\":\"ImageObject\",\"inLanguage\":\"fr-CA\",\"@id\":\"https:\\\/\\\/spx.com\\\/#\\\/schema\\\/logo\\\/image\\\/\",\"url\":\"https:\\\/\\\/live-spx-corp.pantheonsite.io\\\/wp-content\\\/uploads\\\/2018\\\/03\\\/SPX_LOGO_R_Vertical_RGB_480px.png\",\"contentUrl\":\"https:\\\/\\\/live-spx-corp.pantheonsite.io\\\/wp-content\\\/uploads\\\/2018\\\/03\\\/SPX_LOGO_R_Vertical_RGB_480px.png\",\"width\":389,\"height\":480,\"caption\":\"SPX Corporation\"},\"image\":{\"@id\":\"https:\\\/\\\/spx.com\\\/#\\\/schema\\\/logo\\\/image\\\/\"}}]}<\/script>\n<!-- \/ Yoast SEO plugin. -->","yoast_head_json":{"title":"Board Committees - SPX Technologies in Charlotte, NC","description":"SPX Technologies upholds strong governance through three Board Committees\u2014Audit, Compensation, and Governance & Sustainability\u2014each led by independent experts ensuring integrity, accountability, and long-term value.","robots":{"index":"index","follow":"follow","max-snippet":"max-snippet:-1","max-image-preview":"max-image-preview:large","max-video-preview":"max-video-preview:-1"},"canonical":"https:\/\/spx.com\/fr\/corporate-governance\/board-committees\/","og_locale":"fr_CA","og_type":"article","og_title":"Board Committees - SPX Technologies in Charlotte, NC","og_description":"SPX Technologies upholds strong governance through three Board Committees\u2014Audit, Compensation, and Governance & Sustainability\u2014each led by independent experts ensuring integrity, accountability, and long-term value.","og_url":"https:\/\/spx.com\/fr\/corporate-governance\/board-committees\/","og_site_name":"SPX Technologies in Charlotte, NC","article_modified_time":"2025-08-11T22:44:52+00:00","twitter_card":"summary_large_image","twitter_misc":{"Estimation du temps de lecture":"2 minutes"},"schema":{"@context":"https:\/\/schema.org","@graph":[{"@type":"WebPage","@id":"https:\/\/spx.com\/corporate-governance\/board-committees\/","url":"https:\/\/spx.com\/corporate-governance\/board-committees\/","name":"Board Committees - SPX Technologies in Charlotte, NC","isPartOf":{"@id":"https:\/\/spx.com\/#website"},"datePublished":"2017-10-09T17:53:16+00:00","dateModified":"2025-08-11T22:44:52+00:00","description":"SPX Technologies upholds strong governance through three Board Committees\u2014Audit, Compensation, and Governance & Sustainability\u2014each led by independent experts ensuring integrity, accountability, and long-term value.","breadcrumb":{"@id":"https:\/\/spx.com\/corporate-governance\/board-committees\/#breadcrumb"},"inLanguage":"fr-CA","potentialAction":[{"@type":"ReadAction","target":["https:\/\/spx.com\/corporate-governance\/board-committees\/"]}]},{"@type":"BreadcrumbList","@id":"https:\/\/spx.com\/corporate-governance\/board-committees\/#breadcrumb","itemListElement":[{"@type":"ListItem","position":1,"name":"Home","item":"https:\/\/spx.com\/"},{"@type":"ListItem","position":2,"name":"Corporate Governance","item":"https:\/\/spx.com\/corporate-governance\/"},{"@type":"ListItem","position":3,"name":"Board Committees"}]},{"@type":"WebSite","@id":"https:\/\/spx.com\/#website","url":"https:\/\/spx.com\/","name":"SPX Technologies in Charlotte, NC","description":"SPX Technologies est un fournisseur de produits et de technologies de haute technicit\u00e9, occupant une position de leader sur les march\u00e9s du CVC et de la d\u00e9tection et de la mesure.","publisher":{"@id":"https:\/\/spx.com\/#organization"},"potentialAction":[{"@type":"SearchAction","target":{"@type":"EntryPoint","urlTemplate":"https:\/\/spx.com\/?s={search_term_string}"},"query-input":{"@type":"PropertyValueSpecification","valueRequired":true,"valueName":"search_term_string"}}],"inLanguage":"fr-CA"},{"@type":"Organization","@id":"https:\/\/spx.com\/#organization","name":"SPX Corporation","url":"https:\/\/spx.com\/","logo":{"@type":"ImageObject","inLanguage":"fr-CA","@id":"https:\/\/spx.com\/#\/schema\/logo\/image\/","url":"https:\/\/live-spx-corp.pantheonsite.io\/wp-content\/uploads\/2018\/03\/SPX_LOGO_R_Vertical_RGB_480px.png","contentUrl":"https:\/\/live-spx-corp.pantheonsite.io\/wp-content\/uploads\/2018\/03\/SPX_LOGO_R_Vertical_RGB_480px.png","width":389,"height":480,"caption":"SPX Corporation"},"image":{"@id":"https:\/\/spx.com\/#\/schema\/logo\/image\/"}}]}},"_links":{"self":[{"href":"https:\/\/spx.com\/fr\/wp-json\/wp\/v2\/pages\/512","targetHints":{"allow":["GET"]}}],"collection":[{"href":"https:\/\/spx.com\/fr\/wp-json\/wp\/v2\/pages"}],"about":[{"href":"https:\/\/spx.com\/fr\/wp-json\/wp\/v2\/types\/page"}],"author":[{"embeddable":true,"href":"https:\/\/spx.com\/fr\/wp-json\/wp\/v2\/users\/4"}],"replies":[{"embeddable":true,"href":"https:\/\/spx.com\/fr\/wp-json\/wp\/v2\/comments?post=512"}],"version-history":[{"count":0,"href":"https:\/\/spx.com\/fr\/wp-json\/wp\/v2\/pages\/512\/revisions"}],"up":[{"embeddable":true,"href":"https:\/\/spx.com\/fr\/wp-json\/wp\/v2\/pages\/47"}],"wp:attachment":[{"href":"https:\/\/spx.com\/fr\/wp-json\/wp\/v2\/media?parent=512"}],"wp:term":[{"taxonomy":"dipi_cpt_category","embeddable":true,"href":"https:\/\/spx.com\/fr\/wp-json\/wp\/v2\/dipi_cpt_category?post=512"}],"curies":[{"name":"wp","href":"https:\/\/api.w.org\/{rel}","templated":true}]}}