{"id":524,"date":"2017-10-09T17:57:59","date_gmt":"2017-10-09T17:57:59","guid":{"rendered":"http:\/\/live-spx-corp.pantheonsite.io\/?page_id=524"},"modified":"2026-02-13T16:22:04","modified_gmt":"2026-02-13T16:22:04","slug":"environmental-health-and-safety-policy-and-sustainability-performance-reporting","status":"publish","type":"page","link":"https:\/\/spx.com\/fr\/environmental-health-and-safety-policy-and-sustainability-performance-reporting\/","title":{"rendered":"Politique en mati\u00e8re d'environnement, de sant\u00e9 et de s\u00e9curit\u00e9 et performances en mati\u00e8re de d\u00e9veloppement durable"},"content":{"rendered":"<p>[et_pb_section fb_built=&#8221;1&#8243; _builder_version=&#8221;4.27.4&#8243; _module_preset=&#8221;default&#8221; custom_margin=&#8221;0px||||false|false&#8221; custom_padding=&#8221;20px||10px||false|false&#8221; global_colors_info=&#8221;{}&#8221;][et_pb_row _builder_version=&#8221;4.27.4&#8243; _module_preset=&#8221;default&#8221; custom_margin=&#8221;||||false|false&#8221; custom_padding=&#8221;||20px||false|false&#8221; global_colors_info=&#8221;{}&#8221;][et_pb_column type=&#8221;4_4&#8243; _builder_version=&#8221;4.27.4&#8243; _module_preset=&#8221;default&#8221; global_colors_info=&#8221;{}&#8221;][et_pb_text _builder_version=&#8221;4.27.4&#8243; _module_preset=&#8221;default&#8221; text_font_size=&#8221;12px&#8221; global_colors_info=&#8221;{}&#8221;]<a href=\"\/fr\/\">Accueil<\/a> &gt; Investor Relations &gt; Sustainability &gt; Environmental Health and Safety Policy and Sustainability Performance Reporting[\/et_pb_text][\/et_pb_column][\/et_pb_row][et_pb_row column_structure=&#8221;3_5,2_5&#8243; _builder_version=&#8221;4.27.4&#8243; _module_preset=&#8221;default&#8221; custom_margin=&#8221;0px||0px||false|false&#8221; custom_padding=&#8221;0px||0px||false|false&#8221; global_colors_info=&#8221;{}&#8221;][et_pb_column type=&#8221;3_5&#8243; _builder_version=&#8221;4.27.4&#8243; _module_preset=&#8221;default&#8221; global_colors_info=&#8221;{}&#8221;][et_pb_post_title meta=&#8221;off&#8221; featured_image=&#8221;off&#8221; _builder_version=&#8221;4.27.4&#8243; _module_preset=&#8221;default&#8221; title_font=&#8221;|600||on|||||&#8221; title_text_color=&#8221;#004C97&#8243; title_font_size=&#8221;60px&#8221; custom_margin=&#8221;||24px||false|false&#8221; title_font_size_tablet=&#8221;60px&#8221; title_font_size_phone=&#8221;48px&#8221; title_font_size_last_edited=&#8221;on|phone&#8221; global_colors_info=&#8221;{}&#8221;][\/et_pb_post_title][et_pb_text _builder_version=&#8221;4.27.4&#8243; _module_preset=&#8221;default&#8221; custom_margin=&#8221;||12px||false|false&#8221; global_colors_info=&#8221;{}&#8221;]<\/p>\n<p>SPX Technologies is committed to operating our businesses throughout the world in a manner that reflects the highest standards of ethics and integrity and meets or exceeds applicable environmental, health and safety laws and regulations. We will strive to continuously improve the management of our environmental, health and safety responsibilities in a manner that is protective of the environment, public health, and in keeping with developing sustainable solutions to meet our environmental challenges.<\/p>\n<p>Environmental Health and Safety Policy and Guiding Practices (<a title=\"Environmental Health and Safety Policy and Guiding Practices\" href=\"\/wp-content\/uploads\/2018\/01\/Environmental_Health_Safety_SPX.pdf\" target=\"_blank\" rel=\"noopener noreferrer\">link<\/a>)<\/p>\n<p>[\/et_pb_text][\/et_pb_column][et_pb_column type=&#8221;2_5&#8243; _builder_version=&#8221;4.27.4&#8243; _module_preset=&#8221;default&#8221; global_colors_info=&#8221;{}&#8221;][et_pb_image src=&#8221;https:\/\/spx.com\/wp-content\/uploads\/2025\/08\/Sustainability-Overview-1.jpg&#8221; alt=&#8221;Sustainability Overview&#8221; _builder_version=&#8221;4.27.4&#8243; _module_preset=&#8221;default&#8221; box_shadow_style=&#8221;preset3&#8243; global_colors_info=&#8221;{}&#8221;][\/et_pb_image][\/et_pb_column][\/et_pb_row][et_pb_row _builder_version=&#8221;4.27.4&#8243; _module_preset=&#8221;default&#8221; custom_margin=&#8221;0px||||false|false&#8221; custom_padding=&#8221;0px||||false|false&#8221; global_colors_info=&#8221;{}&#8221;][et_pb_column type=&#8221;4_4&#8243; _builder_version=&#8221;4.27.4&#8243; _module_preset=&#8221;default&#8221; global_colors_info=&#8221;{}&#8221;][et_pb_text _builder_version=&#8221;4.27.5&#8243; _module_preset=&#8221;default&#8221; hover_enabled=&#8221;0&#8243; global_colors_info=&#8221;{}&#8221; sticky_enabled=&#8221;0&#8243;]<strong>Sustainability Performance Reporting<\/strong><br \/>\nSustainability is intrinsic to the SPX Technology&#8217;s company culture and our global operations. Our Environmental, Health and Safety policy and programs reflect our company\u2019s commitment to sustainability. We welcome you to download our Sustainability Summary report to learn more about: the environmental targets, goals and efficiency initiatives at our manufacturing plants; our dedication to employee safety and a healthy work environment; the innovative products that help our customers recognize efficiencies; and our employee\u2019s dedication to giving back to our communities through service and volunteerism.<\/p>\n<p>As we continuously improve and advance our Sustainability program in the coming years, we will provide an annual update on our progress over the next three years, with the intention of publishing a report in accordance with GRI standards at the end of that period.<\/p>\n<p>Sustainability Summary Report 2024 (<a href=\"\/wp-content\/uploads\/2026\/02\/2024-SPX-Technologies-Sustainability-Report.pdf\">link<\/a>)<\/p>\n<p>Sustainability Summary Report 2023 (<a href=\"\/wp-content\/uploads\/2024\/10\/SPX-Technologies-Sustainability-Report-2023-FINAL.pdf\">link<\/a>)<\/p>\n<p>Sustainability Summary Report 2022 (<a href=\"\/wp-content\/uploads\/2023\/09\/SPX_SustainabilityReport_2022_FINAL.pdf\">link<\/a>)<\/p>\n<p>Sustainability Summary Report 2021 (<a href=\"\/wp-content\/uploads\/2022\/11\/SPX_SustainabilityReport_2021_Final.pdf\">link<\/a>)<\/p>\n<p>Sustainability Summary Report 2020 (<a title=\"Sustainability Report (2018)\" href=\"\/wp-content\/uploads\/2021\/08\/SPX_SustainabilityReport-2020_final.pdf\" target=\"_blank\" rel=\"noopener noreferrer\">link<\/a>)<\/p>\n<p>Sustainability Summary Report 2019 (<a title=\"Sustainability Report (2018)\" href=\"\/wp-content\/uploads\/2020\/06\/SPX-Sustainability-Report-2019-FINAL-6-25-20.pdf\" target=\"_blank\" rel=\"noopener noreferrer\">link<\/a>)<\/p>\n<p>Sustainability Summary Report 2018 (<a title=\"Sustainability Report (2018)\" href=\"\/wp-content\/uploads\/2019\/01\/SR-18.pdf\" target=\"_blank\" rel=\"noopener noreferrer\">link<\/a>)<\/p>\n<p>Sustainability Summary Report 2017 (<a title=\"Sustainability Report (2017)\" href=\"\/wp-content\/uploads\/2020\/06\/SR-17.pdf\" target=\"_blank\" rel=\"noopener noreferrer\">link<\/a>)[\/et_pb_text][\/et_pb_column][\/et_pb_row][\/et_pb_section]<\/p>","protected":false},"excerpt":{"rendered":"<p>Home &gt; Investor Relations &gt; Sustainability &gt; Environmental Health and Safety Policy and Sustainability Performance ReportingSPX Technologies is committed to operating our businesses throughout the world in a manner that reflects the highest standards of ethics and integrity and meets or exceeds applicable environmental, health and safety laws and regulations. We will strive to continuously [&hellip;]<\/p>","protected":false},"author":4,"featured_media":0,"parent":0,"menu_order":0,"comment_status":"closed","ping_status":"closed","template":"","meta":{"_acf_changed":false,"_et_pb_use_builder":"on","_et_pb_old_content":"SPX Technologies is committed to operating our businesses throughout the world in a manner that reflects the highest standards of ethics and integrity and meets or exceeds applicable environmental, health and safety laws and regulations. We will strive to continuously improve the management of our environmental, health and safety responsibilities in a manner that is protective of the environment, public health, and in keeping with developing sustainable solutions to meet our environmental challenges.\r\n\r\nEnvironmental Health and Safety Policy and Guiding Practices (<a title=\"Environmental Health and Safety Policy and Guiding Practices\" href=\"\/wp-content\/uploads\/2018\/01\/Environmental_Health_Safety_SPX.pdf\" target=\"_blank\" rel=\"noopener noreferrer\">link<\/a>)\r\n\r\n<strong>Sustainability Performance Reporting<\/strong>\r\n\r\nSustainability is intrinsic to the SPX Technology's company culture and our global operations. Our Environmental, Health and Safety policy and programs reflect our company\u2019s commitment to sustainability. We welcome you to download our Sustainability Summary report to learn more about: the environmental targets, goals and efficiency initiatives at our manufacturing plants; our dedication to employee safety and a healthy work environment; the innovative products that help our customers recognize efficiencies; and our employee\u2019s dedication to giving back to our communities through service and volunteerism.\r\n\r\nAs we continuously improve and advance our Sustainability program in the coming years, we will provide an annual update on our progress over the next three years, with the intention of publishing a report in accordance with GRI standards at the end of that period.\r\n\r\nSustainability Summary Report 2023 (<a href=\"https:\/\/spx.com\/wp-content\/uploads\/2024\/10\/SPX-Technologies-Sustainability-Report-2023-FINAL.pdf\">link<\/a>)\r\n\r\nSustainability Summary Report 2022 (<a href=\"https:\/\/spx.com\/wp-content\/uploads\/2023\/09\/SPX_SustainabilityReport_2022_FINAL.pdf\">link<\/a>)\r\n\r\nSustainability Summary Report 2021 (<a href=\"\/wp-content\/uploads\/2022\/11\/SPX_SustainabilityReport_2021_Final.pdf\">link<\/a>)\r\n\r\nSustainability Summary Report 2020 (<a title=\"Sustainability Report (2018)\" href=\"\/wp-content\/uploads\/2021\/08\/SPX_SustainabilityReport-2020_final.pdf\" target=\"_blank\" rel=\"noopener noreferrer\">link<\/a>)\r\n\r\nSustainability Summary Report 2019 (<a title=\"Sustainability Report (2018)\" href=\"\/wp-content\/uploads\/2020\/06\/SPX-Sustainability-Report-2019-FINAL-6-25-20.pdf\" target=\"_blank\" rel=\"noopener noreferrer\">link<\/a>)\r\n\r\nSustainability Summary Report 2018 (<a title=\"Sustainability Report (2018)\" href=\"\/wp-content\/uploads\/2019\/01\/SR-18.pdf\" target=\"_blank\" rel=\"noopener noreferrer\">link<\/a>)\r\n\r\nSustainability Summary Report 2017 (<a title=\"Sustainability Report (2017)\" href=\"\/wp-content\/uploads\/2020\/06\/SR-17.pdf\" target=\"_blank\" rel=\"noopener noreferrer\">link<\/a>)","_et_gb_content_width":"","footnotes":""},"dipi_cpt_category":[],"class_list":["post-524","page","type-page","status-publish","hentry"],"acf":[],"yoast_head":"<!-- This site is optimized with the Yoast SEO plugin v26.9 - https:\/\/yoast.com\/product\/yoast-seo-wordpress\/ -->\n<title>Environmental, Health and Safety Policy and Sustainability Performance - SPX Technologies in Charlotte, NC<\/title>\n<meta name=\"description\" content=\"SPX Technologies is committed to strong environmental, health, and safety practices, integrating sustainability into its operations. The company aims to improve performance, ensure employee well-being, and provide transparent reporting aligned with global standards.\" \/>\n<meta name=\"robots\" content=\"index, follow, max-snippet:-1, max-image-preview:large, max-video-preview:-1\" \/>\n<link rel=\"canonical\" href=\"https:\/\/spx.com\/fr\/environmental-health-and-safety-policy-and-sustainability-performance-reporting\/\" \/>\n<meta property=\"og:locale\" content=\"fr_CA\" \/>\n<meta property=\"og:type\" content=\"article\" \/>\n<meta property=\"og:title\" content=\"Environmental, Health and Safety Policy and Sustainability Performance - SPX Technologies in Charlotte, NC\" \/>\n<meta property=\"og:description\" content=\"SPX Technologies is committed to strong environmental, health, and safety practices, integrating sustainability into its operations. The company aims to improve performance, ensure employee well-being, and provide transparent reporting aligned with global standards.\" \/>\n<meta property=\"og:url\" content=\"https:\/\/spx.com\/fr\/environmental-health-and-safety-policy-and-sustainability-performance-reporting\/\" \/>\n<meta property=\"og:site_name\" content=\"SPX Technologies in Charlotte, NC\" \/>\n<meta property=\"article:modified_time\" content=\"2026-02-13T16:22:04+00:00\" \/>\n<meta name=\"twitter:card\" content=\"summary_large_image\" \/>\n<meta name=\"twitter:label1\" content=\"Estimation du temps de lecture\" \/>\n\t<meta name=\"twitter:data1\" content=\"1 minute\" \/>\n<script type=\"application\/ld+json\" class=\"yoast-schema-graph\">{\"@context\":\"https:\/\/schema.org\",\"@graph\":[{\"@type\":\"WebPage\",\"@id\":\"https:\/\/spx.com\/environmental-health-and-safety-policy-and-sustainability-performance-reporting\/\",\"url\":\"https:\/\/spx.com\/environmental-health-and-safety-policy-and-sustainability-performance-reporting\/\",\"name\":\"Environmental, Health and Safety Policy and Sustainability Performance - SPX Technologies in Charlotte, NC\",\"isPartOf\":{\"@id\":\"https:\/\/spx.com\/#website\"},\"datePublished\":\"2017-10-09T17:57:59+00:00\",\"dateModified\":\"2026-02-13T16:22:04+00:00\",\"description\":\"SPX Technologies is committed to strong environmental, health, and safety practices, integrating sustainability into its operations. The company aims to improve performance, ensure employee well-being, and provide transparent reporting aligned with global standards.\",\"breadcrumb\":{\"@id\":\"https:\/\/spx.com\/environmental-health-and-safety-policy-and-sustainability-performance-reporting\/#breadcrumb\"},\"inLanguage\":\"fr-CA\",\"potentialAction\":[{\"@type\":\"ReadAction\",\"target\":[\"https:\/\/spx.com\/environmental-health-and-safety-policy-and-sustainability-performance-reporting\/\"]}]},{\"@type\":\"BreadcrumbList\",\"@id\":\"https:\/\/spx.com\/environmental-health-and-safety-policy-and-sustainability-performance-reporting\/#breadcrumb\",\"itemListElement\":[{\"@type\":\"ListItem\",\"position\":1,\"name\":\"Home\",\"item\":\"https:\/\/spx.com\/\"},{\"@type\":\"ListItem\",\"position\":2,\"name\":\"Environmental, Health and Safety Policy and Sustainability Performance\"}]},{\"@type\":\"WebSite\",\"@id\":\"https:\/\/spx.com\/#website\",\"url\":\"https:\/\/spx.com\/\",\"name\":\"SPX Technologies in Charlotte, NC\",\"description\":\"SPX Technologies is a supplier of highly engineered products and technologies, holding leadership positions in the HVAC and detection and measurement markets.\",\"publisher\":{\"@id\":\"https:\/\/spx.com\/#organization\"},\"potentialAction\":[{\"@type\":\"SearchAction\",\"target\":{\"@type\":\"EntryPoint\",\"urlTemplate\":\"https:\/\/spx.com\/?s={search_term_string}\"},\"query-input\":{\"@type\":\"PropertyValueSpecification\",\"valueRequired\":true,\"valueName\":\"search_term_string\"}}],\"inLanguage\":\"fr-CA\"},{\"@type\":\"Organization\",\"@id\":\"https:\/\/spx.com\/#organization\",\"name\":\"SPX Corporation\",\"url\":\"https:\/\/spx.com\/\",\"logo\":{\"@type\":\"ImageObject\",\"inLanguage\":\"fr-CA\",\"@id\":\"https:\/\/spx.com\/#\/schema\/logo\/image\/\",\"url\":\"https:\/\/live-spx-corp.pantheonsite.io\/wp-content\/uploads\/2018\/03\/SPX_LOGO_R_Vertical_RGB_480px.png\",\"contentUrl\":\"https:\/\/live-spx-corp.pantheonsite.io\/wp-content\/uploads\/2018\/03\/SPX_LOGO_R_Vertical_RGB_480px.png\",\"width\":389,\"height\":480,\"caption\":\"SPX Corporation\"},\"image\":{\"@id\":\"https:\/\/spx.com\/#\/schema\/logo\/image\/\"}}]}<\/script>\n<!-- \/ Yoast SEO plugin. -->","yoast_head_json":{"title":"Environmental, Health and Safety Policy and Sustainability Performance - SPX Technologies in Charlotte, NC","description":"SPX Technologies is committed to strong environmental, health, and safety practices, integrating sustainability into its operations. The company aims to improve performance, ensure employee well-being, and provide transparent reporting aligned with global standards.","robots":{"index":"index","follow":"follow","max-snippet":"max-snippet:-1","max-image-preview":"max-image-preview:large","max-video-preview":"max-video-preview:-1"},"canonical":"https:\/\/spx.com\/fr\/environmental-health-and-safety-policy-and-sustainability-performance-reporting\/","og_locale":"fr_CA","og_type":"article","og_title":"Environmental, Health and Safety Policy and Sustainability Performance - SPX Technologies in Charlotte, NC","og_description":"SPX Technologies is committed to strong environmental, health, and safety practices, integrating sustainability into its operations. The company aims to improve performance, ensure employee well-being, and provide transparent reporting aligned with global standards.","og_url":"https:\/\/spx.com\/fr\/environmental-health-and-safety-policy-and-sustainability-performance-reporting\/","og_site_name":"SPX Technologies in Charlotte, NC","article_modified_time":"2026-02-13T16:22:04+00:00","twitter_card":"summary_large_image","twitter_misc":{"Estimation du temps de lecture":"1 minute"},"schema":{"@context":"https:\/\/schema.org","@graph":[{"@type":"WebPage","@id":"https:\/\/spx.com\/environmental-health-and-safety-policy-and-sustainability-performance-reporting\/","url":"https:\/\/spx.com\/environmental-health-and-safety-policy-and-sustainability-performance-reporting\/","name":"Environmental, Health and Safety Policy and Sustainability Performance - SPX Technologies in Charlotte, NC","isPartOf":{"@id":"https:\/\/spx.com\/#website"},"datePublished":"2017-10-09T17:57:59+00:00","dateModified":"2026-02-13T16:22:04+00:00","description":"SPX Technologies is committed to strong environmental, health, and safety practices, integrating sustainability into its operations. The company aims to improve performance, ensure employee well-being, and provide transparent reporting aligned with global standards.","breadcrumb":{"@id":"https:\/\/spx.com\/environmental-health-and-safety-policy-and-sustainability-performance-reporting\/#breadcrumb"},"inLanguage":"fr-CA","potentialAction":[{"@type":"ReadAction","target":["https:\/\/spx.com\/environmental-health-and-safety-policy-and-sustainability-performance-reporting\/"]}]},{"@type":"BreadcrumbList","@id":"https:\/\/spx.com\/environmental-health-and-safety-policy-and-sustainability-performance-reporting\/#breadcrumb","itemListElement":[{"@type":"ListItem","position":1,"name":"Home","item":"https:\/\/spx.com\/"},{"@type":"ListItem","position":2,"name":"Environmental, Health and Safety Policy and Sustainability Performance"}]},{"@type":"WebSite","@id":"https:\/\/spx.com\/#website","url":"https:\/\/spx.com\/","name":"SPX Technologies in Charlotte, NC","description":"SPX Technologies est un fournisseur de produits et de technologies de haute technicit\u00e9, occupant une position de leader sur les march\u00e9s du CVC et de la d\u00e9tection et de la mesure.","publisher":{"@id":"https:\/\/spx.com\/#organization"},"potentialAction":[{"@type":"SearchAction","target":{"@type":"EntryPoint","urlTemplate":"https:\/\/spx.com\/?s={search_term_string}"},"query-input":{"@type":"PropertyValueSpecification","valueRequired":true,"valueName":"search_term_string"}}],"inLanguage":"fr-CA"},{"@type":"Organization","@id":"https:\/\/spx.com\/#organization","name":"SPX Corporation","url":"https:\/\/spx.com\/","logo":{"@type":"ImageObject","inLanguage":"fr-CA","@id":"https:\/\/spx.com\/#\/schema\/logo\/image\/","url":"https:\/\/live-spx-corp.pantheonsite.io\/wp-content\/uploads\/2018\/03\/SPX_LOGO_R_Vertical_RGB_480px.png","contentUrl":"https:\/\/live-spx-corp.pantheonsite.io\/wp-content\/uploads\/2018\/03\/SPX_LOGO_R_Vertical_RGB_480px.png","width":389,"height":480,"caption":"SPX Corporation"},"image":{"@id":"https:\/\/spx.com\/#\/schema\/logo\/image\/"}}]}},"_links":{"self":[{"href":"https:\/\/spx.com\/fr\/wp-json\/wp\/v2\/pages\/524","targetHints":{"allow":["GET"]}}],"collection":[{"href":"https:\/\/spx.com\/fr\/wp-json\/wp\/v2\/pages"}],"about":[{"href":"https:\/\/spx.com\/fr\/wp-json\/wp\/v2\/types\/page"}],"author":[{"embeddable":true,"href":"https:\/\/spx.com\/fr\/wp-json\/wp\/v2\/users\/4"}],"replies":[{"embeddable":true,"href":"https:\/\/spx.com\/fr\/wp-json\/wp\/v2\/comments?post=524"}],"version-history":[{"count":1,"href":"https:\/\/spx.com\/fr\/wp-json\/wp\/v2\/pages\/524\/revisions"}],"predecessor-version":[{"id":6513,"href":"https:\/\/spx.com\/fr\/wp-json\/wp\/v2\/pages\/524\/revisions\/6513"}],"wp:attachment":[{"href":"https:\/\/spx.com\/fr\/wp-json\/wp\/v2\/media?parent=524"}],"wp:term":[{"taxonomy":"dipi_cpt_category","embeddable":true,"href":"https:\/\/spx.com\/fr\/wp-json\/wp\/v2\/dipi_cpt_category?post=524"}],"curies":[{"name":"wp","href":"https:\/\/api.w.org\/{rel}","templated":true}]}}