{"id":59,"date":"2017-08-22T17:14:44","date_gmt":"2017-08-22T17:14:44","guid":{"rendered":"http:\/\/live-spx-corp.pantheonsite.io\/?page_id=59"},"modified":"2026-05-07T15:52:04","modified_gmt":"2026-05-07T15:52:04","slug":"investor-contacts","status":"publish","type":"page","link":"https:\/\/spx.com\/fr\/investor-relations\/investor-contacts\/","title":{"rendered":"Contacts avec les investisseurs"},"content":{"rendered":"<p>[et_pb_section fb_built=&#8221;1&#8243; _builder_version=&#8221;4.27.4&#8243; _module_preset=&#8221;default&#8221; custom_margin=&#8221;0px||||false|false&#8221; custom_padding=&#8221;20px||10px||false|false&#8221; global_colors_info=&#8221;{}&#8221;][et_pb_row _builder_version=&#8221;4.27.4&#8243; _module_preset=&#8221;default&#8221; custom_margin=&#8221;||||false|false&#8221; custom_padding=&#8221;||20px||false|false&#8221; global_colors_info=&#8221;{}&#8221;][et_pb_column type=&#8221;4_4&#8243; _builder_version=&#8221;4.27.4&#8243; _module_preset=&#8221;default&#8221; global_colors_info=&#8221;{}&#8221;][et_pb_text _builder_version=&#8221;4.27.4&#8243; _module_preset=&#8221;default&#8221; text_font_size=&#8221;12px&#8221; global_colors_info=&#8221;{}&#8221;]<a href=\"\/\">Home<\/a> &gt; Investor Relations &gt; Investor Contacts[\/et_pb_text][\/et_pb_column][\/et_pb_row][et_pb_row column_structure=&#8221;2_3,1_3&#8243; _builder_version=&#8221;4.27.4&#8243; _module_preset=&#8221;default&#8221; custom_margin=&#8221;0px||0px||false|false&#8221; custom_padding=&#8221;0px||0px||false|false&#8221; global_colors_info=&#8221;{}&#8221;][et_pb_column type=&#8221;2_3&#8243; _builder_version=&#8221;4.27.4&#8243; _module_preset=&#8221;default&#8221; global_colors_info=&#8221;{}&#8221;][et_pb_post_title meta=&#8221;off&#8221; featured_image=&#8221;off&#8221; _builder_version=&#8221;4.27.4&#8243; _module_preset=&#8221;default&#8221; title_font=&#8221;|600||on|||||&#8221; title_text_color=&#8221;#004C97&#8243; title_font_size=&#8221;60px&#8221; custom_margin=&#8221;||16px||false|false&#8221; global_colors_info=&#8221;{}&#8221;][\/et_pb_post_title][\/et_pb_column][et_pb_column type=&#8221;1_3&#8243; _builder_version=&#8221;4.27.4&#8243; _module_preset=&#8221;default&#8221; global_colors_info=&#8221;{}&#8221;][\/et_pb_column][\/et_pb_row][et_pb_row _builder_version=&#8221;4.27.4&#8243; _module_preset=&#8221;default&#8221; custom_margin=&#8221;0px||||false|false&#8221; custom_padding=&#8221;0px||||false|false&#8221; global_colors_info=&#8221;{}&#8221;][et_pb_column type=&#8221;4_4&#8243; _builder_version=&#8221;4.27.4&#8243; _module_preset=&#8221;default&#8221; global_colors_info=&#8221;{}&#8221;][et_pb_text _builder_version=&#8221;4.27.6&#8243; _module_preset=&#8221;default&#8221; custom_margin=&#8221;||12px||false|false&#8221; hover_enabled=&#8221;0&#8243; global_colors_info=&#8221;{}&#8221; sticky_enabled=&#8221;0&#8243;]<\/p>\n<h2>Headquarters<\/h2>\n<p>SPX Technologies<br \/>\n6325 Ardrey Kell Road<br \/>\nSuite 400<br \/>\nCharlotte, NC 28277<br \/>\nUnited States<\/p>\n<h2>Shareholder Questions<\/h2>\n<p>Questions concerning address corrections, lost certificates, change of registration or share position should be directed to Computershare, the company\u2019s transfer agent and registrar. Inside the United States call 877-498-8861; outside the United States call 781-575-2879; TDD\/TTY for hearing impaired call 800-952-9245; via the Internet at Computershare.<\/p>\n<h2>Investor and Media Contacts<\/h2>\n<p>Johann Rawlinson, Vice President: Investor Relations<br \/>\n+ 1 (980)-228-6028<br \/>\n<a href=\"mailto:spx.investor@spx.com\" target=\"_blank\" rel=\"noopener\">spx.investor@spx.com<\/a>[\/et_pb_text][\/et_pb_column][\/et_pb_row][\/et_pb_section][et_pb_section fb_built=&#8221;1&#8243; _builder_version=&#8221;4.27.4&#8243; _module_preset=&#8221;default&#8221; custom_padding=&#8221;0px||20px||false|false&#8221; global_module=&#8221;4420&#8243; saved_tabs=&#8221;all&#8221; global_colors_info=&#8221;{}&#8221;][et_pb_row _builder_version=&#8221;4.27.4&#8243; _module_preset=&#8221;default&#8221; global_colors_info=&#8221;{}&#8221;][et_pb_column type=&#8221;4_4&#8243; _builder_version=&#8221;4.27.4&#8243; _module_preset=&#8221;default&#8221; global_colors_info=&#8221;{}&#8221;][et_pb_divider color=&#8221;#ececec&#8221; _builder_version=&#8221;4.27.4&#8243; _module_preset=&#8221;default&#8221; width=&#8221;66%&#8221; module_alignment=&#8221;center&#8221; global_colors_info=&#8221;{}&#8221;][\/et_pb_divider][\/et_pb_column][\/et_pb_row][et_pb_row column_structure=&#8221;1_5,1_5,1_5,1_5,1_5&#8243; _builder_version=&#8221;4.27.4&#8243; _module_preset=&#8221;default&#8221; custom_margin=&#8221;||50px||false|false&#8221; global_colors_info=&#8221;{}&#8221;][et_pb_column type=&#8221;1_5&#8243; _builder_version=&#8221;4.27.4&#8243; _module_preset=&#8221;default&#8221; global_colors_info=&#8221;{}&#8221;][et_pb_image src=&#8221;https:\/\/spx.com\/wp-content\/uploads\/2025\/08\/SPX-People-and-Culture-1.jpg&#8221; alt=&#8221;SPX People and Culture (1)&#8221; url=&#8221;@ET-DC@eyJkeW5hbWljIjp0cnVlLCJjb250ZW50IjoicG9zdF9saW5rX3VybF9wYWdlIiwic2V0dGluZ3MiOnsicG9zdF9pZCI6IjIzNDgifX0=@&#8221; show_bottom_space=&#8221;off&#8221; _builder_version=&#8221;4.27.4&#8243; _dynamic_attributes=&#8221;url&#8221; _module_preset=&#8221;default&#8221; custom_margin=&#8221;||20px||false|false&#8221; border_radii=&#8221;off|5px|5px||&#8221; global_colors_info=&#8221;{}&#8221;][\/et_pb_image][et_pb_text _builder_version=&#8221;4.27.4&#8243; _dynamic_attributes=&#8221;link_option_url&#8221; _module_preset=&#8221;default&#8221; custom_margin=&#8221;||6px||false|false&#8221; link_option_url=&#8221;@ET-DC@eyJkeW5hbWljIjp0cnVlLCJjb250ZW50IjoicG9zdF9saW5rX3VybF9wYWdlIiwic2V0dGluZ3MiOnsicG9zdF9pZCI6IjIzNDgifX0=@&#8221; global_colors_info=&#8221;{}&#8221;]<\/p>\n<h4>People and Culture<\/h4>\n<p>[\/et_pb_text][et_pb_code _builder_version=&#8221;4.27.4&#8243; _module_preset=&#8221;default&#8221; background_color=&#8221;#FF461A&#8221; width=&#8221;25%&#8221; height=&#8221;3px&#8221; custom_margin=&#8221;||12px||false|false&#8221; global_colors_info=&#8221;{}&#8221;][\/et_pb_code][et_pb_text _builder_version=&#8221;4.27.4&#8243; _dynamic_attributes=&#8221;link_option_url&#8221; _module_preset=&#8221;default&#8221; custom_margin=&#8221;||||false|false&#8221; custom_margin_tablet=&#8221;&#8221; custom_margin_phone=&#8221;||60px||false|false&#8221; custom_margin_last_edited=&#8221;on|phone&#8221; link_option_url=&#8221;@ET-DC@eyJkeW5hbWljIjp0cnVlLCJjb250ZW50IjoicG9zdF9saW5rX3VybF9wYWdlIiwic2V0dGluZ3MiOnsicG9zdF9pZCI6IjIzNDgifX0=@&#8221; global_colors_info=&#8221;{}&#8221;]<\/p>\n<p>At SPX, our values of Integrity, Accountability, Excellence, Teamwork and Results are core elements that drive the way we engage with each other, our customers, our partners and the community.<\/p>\n<p>[\/et_pb_text][\/et_pb_column][et_pb_column type=&#8221;1_5&#8243; _builder_version=&#8221;4.27.4&#8243; _module_preset=&#8221;default&#8221; global_colors_info=&#8221;{}&#8221;][et_pb_image src=&#8221;https:\/\/spx.com\/wp-content\/uploads\/2025\/07\/About-SPX-Technologies-History-and-Heritage.jpg&#8221; alt=&#8221;About SPX Technologies &#8211; History and Heritage&#8221; url=&#8221;@ET-DC@eyJkeW5hbWljIjp0cnVlLCJjb250ZW50IjoicG9zdF9saW5rX3VybF9wYWdlIiwic2V0dGluZ3MiOnsicG9zdF9pZCI6IjEzIn19@&#8221; show_bottom_space=&#8221;off&#8221; _builder_version=&#8221;4.27.4&#8243; _dynamic_attributes=&#8221;url&#8221; _module_preset=&#8221;default&#8221; custom_margin=&#8221;||20px||false|false&#8221; border_radii=&#8221;off|5px|5px||&#8221; global_colors_info=&#8221;{}&#8221;][\/et_pb_image][et_pb_text _builder_version=&#8221;4.27.4&#8243; _dynamic_attributes=&#8221;link_option_url&#8221; _module_preset=&#8221;default&#8221; custom_margin=&#8221;||6px||false|false&#8221; link_option_url=&#8221;@ET-DC@eyJkeW5hbWljIjp0cnVlLCJjb250ZW50IjoicG9zdF9saW5rX3VybF9wYWdlIiwic2V0dGluZ3MiOnsicG9zdF9pZCI6IjEzIn19@&#8221; global_colors_info=&#8221;{}&#8221;]<\/p>\n<h4>Our History and Heritage<\/h4>\n<p>[\/et_pb_text][et_pb_code _builder_version=&#8221;4.27.4&#8243; _module_preset=&#8221;default&#8221; background_color=&#8221;#FF461A&#8221; width=&#8221;25%&#8221; height=&#8221;3px&#8221; custom_margin=&#8221;||12px||false|false&#8221; global_colors_info=&#8221;{}&#8221;][\/et_pb_code][et_pb_text _builder_version=&#8221;4.27.4&#8243; _dynamic_attributes=&#8221;link_option_url&#8221; _module_preset=&#8221;default&#8221; custom_margin=&#8221;||||false|false&#8221; custom_margin_tablet=&#8221;&#8221; custom_margin_phone=&#8221;||60px||false|false&#8221; custom_margin_last_edited=&#8221;on|phone&#8221; link_option_url=&#8221;@ET-DC@eyJkeW5hbWljIjp0cnVlLCJjb250ZW50IjoicG9zdF9saW5rX3VybF9wYWdlIiwic2V0dGluZ3MiOnsicG9zdF9pZCI6IjEzIn19@&#8221; global_colors_info=&#8221;{}&#8221;]<\/p>\n<p>Since 1912, the brands that make up SPX Technologies have been designing and manufacturing quality products serving several rapidly developing industries.<\/p>\n<p>[\/et_pb_text][\/et_pb_column][et_pb_column type=&#8221;1_5&#8243; _builder_version=&#8221;4.27.4&#8243; _module_preset=&#8221;default&#8221; global_colors_info=&#8221;{}&#8221;][et_pb_image src=&#8221;https:\/\/spx.com\/wp-content\/uploads\/2025\/09\/whereinworld-1.jpg&#8221; alt=&#8221;Where in the world is SPX Technologies? &#8221; url=&#8221;@ET-DC@eyJkeW5hbWljIjp0cnVlLCJjb250ZW50IjoicG9zdF9saW5rX3VybF9wYWdlIiwic2V0dGluZ3MiOnsicG9zdF9pZCI6IjQ3NTQifX0=@&#8221; show_bottom_space=&#8221;off&#8221; _builder_version=&#8221;4.27.4&#8243; _dynamic_attributes=&#8221;url&#8221; _module_preset=&#8221;default&#8221; custom_margin=&#8221;||20px||false|false&#8221; border_radii=&#8221;off|5px|5px||&#8221; global_colors_info=&#8221;{}&#8221;][\/et_pb_image][et_pb_text _builder_version=&#8221;4.27.4&#8243; _dynamic_attributes=&#8221;link_option_url&#8221; _module_preset=&#8221;default&#8221; custom_margin=&#8221;||6px||false|false&#8221; link_option_url=&#8221;@ET-DC@eyJkeW5hbWljIjp0cnVlLCJjb250ZW50IjoicG9zdF9saW5rX3VybF9wYWdlIiwic2V0dGluZ3MiOnsicG9zdF9pZCI6IjQ3NTQifX0=@&#8221; global_colors_info=&#8221;{}&#8221;]<\/p>\n<h4>SPX&#8217;s Global Presence<\/h4>\n<p>[\/et_pb_text][et_pb_code _builder_version=&#8221;4.27.4&#8243; _module_preset=&#8221;default&#8221; background_color=&#8221;#FF461A&#8221; width=&#8221;25%&#8221; height=&#8221;3px&#8221; custom_margin=&#8221;||12px||false|false&#8221; global_colors_info=&#8221;{}&#8221;][\/et_pb_code][et_pb_text _builder_version=&#8221;4.27.6&#8243; _dynamic_attributes=&#8221;link_option_url&#8221; _module_preset=&#8221;default&#8221; custom_margin=&#8221;||||false|false&#8221; custom_margin_tablet=&#8221;&#8221; custom_margin_phone=&#8221;||60px||false|false&#8221; custom_margin_last_edited=&#8221;on|phone&#8221; link_option_url=&#8221;@ET-DC@eyJkeW5hbWljIjp0cnVlLCJjb250ZW50IjoicG9zdF9saW5rX3VybF9wYWdlIiwic2V0dGluZ3MiOnsicG9zdF9pZCI6IjQ3NTQifX0=@&#8221; global_colors_info=&#8221;{}&#8221;]<\/p>\n<p>With more than $2 billion in annual revenue and over 4,700 employees in 16 countries, SPX offers a wide array of highly engineered infrastructure products with strong brands.<\/p>\n<p>[\/et_pb_text][\/et_pb_column][et_pb_column type=&#8221;1_5&#8243; _builder_version=&#8221;4.27.4&#8243; _module_preset=&#8221;default&#8221; global_colors_info=&#8221;{}&#8221;][et_pb_image src=&#8221;https:\/\/spx.com\/wp-content\/uploads\/2025\/09\/spx-our-mission-1.jpg&#8221; alt=&#8221;Our mission and values&#8221; url=&#8221;@ET-DC@eyJkeW5hbWljIjp0cnVlLCJjb250ZW50IjoicG9zdF9saW5rX3VybF9wYWdlIiwic2V0dGluZ3MiOnsicG9zdF9pZCI6IjE1In19@&#8221; show_bottom_space=&#8221;off&#8221; _builder_version=&#8221;4.27.4&#8243; _dynamic_attributes=&#8221;url&#8221; _module_preset=&#8221;default&#8221; custom_margin=&#8221;||20px||false|false&#8221; border_radii=&#8221;off|5px|5px||&#8221; global_colors_info=&#8221;{}&#8221;][\/et_pb_image][et_pb_text _builder_version=&#8221;4.27.4&#8243; _dynamic_attributes=&#8221;link_option_url&#8221; _module_preset=&#8221;default&#8221; custom_margin=&#8221;||6px||false|false&#8221; link_option_url=&#8221;@ET-DC@eyJkeW5hbWljIjp0cnVlLCJjb250ZW50IjoicG9zdF9saW5rX3VybF9wYWdlIiwic2V0dGluZ3MiOnsicG9zdF9pZCI6IjE1In19@&#8221; global_colors_info=&#8221;{}&#8221;]<\/p>\n<h4>Our Mission and Values<\/h4>\n<p>[\/et_pb_text][et_pb_code _builder_version=&#8221;4.27.4&#8243; _module_preset=&#8221;default&#8221; background_color=&#8221;#FF461A&#8221; width=&#8221;25%&#8221; height=&#8221;3px&#8221; custom_margin=&#8221;||12px||false|false&#8221; global_colors_info=&#8221;{}&#8221;][\/et_pb_code][et_pb_text _builder_version=&#8221;4.27.4&#8243; _dynamic_attributes=&#8221;link_option_url&#8221; _module_preset=&#8221;default&#8221; custom_margin=&#8221;||||false|false&#8221; custom_margin_tablet=&#8221;&#8221; custom_margin_phone=&#8221;||60px||false|false&#8221; custom_margin_last_edited=&#8221;on|phone&#8221; link_option_url=&#8221;@ET-DC@eyJkeW5hbWljIjp0cnVlLCJjb250ZW50IjoicG9zdF9saW5rX3VybF9wYWdlIiwic2V0dGluZ3MiOnsicG9zdF9pZCI6IjE1In19@&#8221; global_colors_info=&#8221;{}&#8221;]<\/p>\n<p>SPX products and services are designed to help meet the needs of an expanding world and help solve the complex issues companies face in growing their businesses.<\/p>\n<p>[\/et_pb_text][\/et_pb_column][et_pb_column type=&#8221;1_5&#8243; _builder_version=&#8221;4.27.4&#8243; _module_preset=&#8221;default&#8221; global_colors_info=&#8221;{}&#8221;][et_pb_image src=&#8221;https:\/\/spx.com\/wp-content\/uploads\/2025\/07\/About-SPX-Technologies-Company-Overview.jpg&#8221; alt=&#8221;About SPX Technologies &#8211; Company Overview&#8221; url=&#8221;@ET-DC@eyJkeW5hbWljIjp0cnVlLCJjb250ZW50IjoicG9zdF9saW5rX3VybF9wYWdlIiwic2V0dGluZ3MiOnsicG9zdF9pZCI6IjE2NTQifX0=@&#8221; show_bottom_space=&#8221;off&#8221; _builder_version=&#8221;4.27.4&#8243; _dynamic_attributes=&#8221;url&#8221; _module_preset=&#8221;default&#8221; custom_margin=&#8221;||20px||false|false&#8221; border_radii=&#8221;off|5px|5px||&#8221; global_colors_info=&#8221;{}&#8221;][\/et_pb_image][et_pb_text _builder_version=&#8221;4.27.4&#8243; _dynamic_attributes=&#8221;link_option_url&#8221; _module_preset=&#8221;default&#8221; custom_margin=&#8221;||6px||false|false&#8221; link_option_url=&#8221;@ET-DC@eyJkeW5hbWljIjp0cnVlLCJjb250ZW50IjoicG9zdF9saW5rX3VybF9wYWdlIiwic2V0dGluZ3MiOnsicG9zdF9pZCI6IjE2NTQifX0=@&#8221; global_colors_info=&#8221;{}&#8221;]<\/p>\n<h4>Ethics and Compliance<\/h4>\n<p>[\/et_pb_text][et_pb_code _builder_version=&#8221;4.27.4&#8243; _module_preset=&#8221;default&#8221; background_color=&#8221;#FF461A&#8221; width=&#8221;25%&#8221; height=&#8221;3px&#8221; custom_margin=&#8221;||12px||false|false&#8221; global_colors_info=&#8221;{}&#8221;][\/et_pb_code][et_pb_text _builder_version=&#8221;4.27.4&#8243; _dynamic_attributes=&#8221;link_option_url&#8221; _module_preset=&#8221;default&#8221; custom_margin=&#8221;||||false|false&#8221; custom_margin_tablet=&#8221;&#8221; custom_margin_phone=&#8221;||60px||false|false&#8221; custom_margin_last_edited=&#8221;on|phone&#8221; link_option_url=&#8221;@ET-DC@eyJkeW5hbWljIjp0cnVlLCJjb250ZW50IjoicG9zdF9saW5rX3VybF9wYWdlIiwic2V0dGluZ3MiOnsicG9zdF9pZCI6IjE2NTQifX0=@&#8221; global_colors_info=&#8221;{}&#8221;]<\/p>\n<p>SPX Technologies maintains a world-class compliance and ethics program designed to ensure that its employees are aware of and adhere to applicable laws and ethical standards.<\/p>\n<p>[\/et_pb_text][\/et_pb_column][\/et_pb_row][\/et_pb_section]<\/p>\n","protected":false},"excerpt":{"rendered":"<p>Home &gt; Investor Relations &gt; Investor ContactsHeadquarters SPX Technologies 6325 Ardrey Kell Road Suite 400 Charlotte, NC 28277 United States Shareholder Questions Questions concerning address corrections, lost certificates, change of registration or share position should be directed to Computershare, the company\u2019s transfer agent and registrar. Inside the United States call 877-498-8861; outside the United States [&hellip;]<\/p>\n","protected":false},"author":4,"featured_media":0,"parent":37,"menu_order":0,"comment_status":"closed","ping_status":"closed","template":"","meta":{"_acf_changed":false,"_et_pb_use_builder":"on","_et_pb_old_content":"<h2><img class=\"alignnone wp-image-559 size-full\" src=\"https:\/\/live-spx-corp.pantheonsite.io\/wp-content\/uploads\/2017\/08\/848x221_IR_Contactss-1.jpg\" alt=\"\" width=\"100%\" \/><\/h2>\r\n<h2>Headquarters<\/h2>\r\nSPX Technologies\r\n6325 Ardrey Kell Road\r\nSuite 400\r\nCharlotte, NC 28277\r\nUnited States\r\n<h2>Shareholder Questions<\/h2>\r\nQuestions concerning address corrections, lost certificates, change of registration or share position should be directed to Computershare, the company\u2019s transfer agent and registrar. Inside the United States call 877-498-8861; outside the United States call 781-575-2879; TDD\/TTY for hearing impaired call 800-952-9245; via the Internet at Computershare.\r\n<h2>Investor and Media Contacts<\/h2>\r\nMark A. Carano, Vice President, Chief Financial Officer and Treasurer\r\n+ 1 (980)-474-3806\r\n<a href=\"mailto:spx.investor@spx.com\" target=\"_blank\" rel=\"noopener\">spx.investor@spx.com<\/a>","_et_gb_content_width":"","footnotes":""},"dipi_cpt_category":[],"class_list":["post-59","page","type-page","status-publish","hentry"],"acf":[],"yoast_head":"<!-- This site is optimized with the Yoast SEO plugin v27.5 - https:\/\/yoast.com\/product\/yoast-seo-wordpress\/ -->\n<title>Investor Contacts - SPX Technologies in Charlotte, NC<\/title>\n<meta name=\"description\" content=\"SPX Technologies is headquartered at 6325 Ardrey Kell Road, Suite 400, Charlotte, NC 28277, United States. For shareholder questions, contact Computershare, and for investor relations, reach us at spx.investor@spx.com or +1 (980) 474-3806.\" \/>\n<meta name=\"robots\" content=\"index, follow, max-snippet:-1, max-image-preview:large, max-video-preview:-1\" \/>\n<link rel=\"canonical\" href=\"https:\/\/spx.com\/fr\/investor-relations\/investor-contacts\/\" \/>\n<meta property=\"og:locale\" content=\"fr_CA\" \/>\n<meta property=\"og:type\" content=\"article\" \/>\n<meta property=\"og:title\" content=\"Investor Contacts - SPX Technologies in Charlotte, NC\" \/>\n<meta property=\"og:description\" content=\"SPX Technologies is headquartered at 6325 Ardrey Kell Road, Suite 400, Charlotte, NC 28277, United States. For shareholder questions, contact Computershare, and for investor relations, reach us at spx.investor@spx.com or +1 (980) 474-3806.\" \/>\n<meta property=\"og:url\" content=\"https:\/\/spx.com\/fr\/investor-relations\/investor-contacts\/\" \/>\n<meta property=\"og:site_name\" content=\"SPX Technologies in Charlotte, NC\" \/>\n<meta property=\"article:modified_time\" content=\"2026-05-07T15:52:04+00:00\" \/>\n<meta name=\"twitter:card\" content=\"summary_large_image\" \/>\n<meta name=\"twitter:label1\" content=\"Estimation du temps de lecture\" \/>\n\t<meta name=\"twitter:data1\" content=\"1 minute\" \/>\n<script type=\"application\/ld+json\" class=\"yoast-schema-graph\">{\"@context\":\"https:\\\/\\\/schema.org\",\"@graph\":[{\"@type\":\"WebPage\",\"@id\":\"https:\\\/\\\/spx.com\\\/investor-relations\\\/investor-contacts\\\/\",\"url\":\"https:\\\/\\\/spx.com\\\/investor-relations\\\/investor-contacts\\\/\",\"name\":\"Investor Contacts - SPX Technologies in Charlotte, NC\",\"isPartOf\":{\"@id\":\"https:\\\/\\\/spx.com\\\/#website\"},\"datePublished\":\"2017-08-22T17:14:44+00:00\",\"dateModified\":\"2026-05-07T15:52:04+00:00\",\"description\":\"SPX Technologies is headquartered at 6325 Ardrey Kell Road, Suite 400, Charlotte, NC 28277, United States. For shareholder questions, contact Computershare, and for investor relations, reach us at spx.investor@spx.com or +1 (980) 474-3806.\",\"breadcrumb\":{\"@id\":\"https:\\\/\\\/spx.com\\\/investor-relations\\\/investor-contacts\\\/#breadcrumb\"},\"inLanguage\":\"fr-CA\",\"potentialAction\":[{\"@type\":\"ReadAction\",\"target\":[\"https:\\\/\\\/spx.com\\\/investor-relations\\\/investor-contacts\\\/\"]}]},{\"@type\":\"BreadcrumbList\",\"@id\":\"https:\\\/\\\/spx.com\\\/investor-relations\\\/investor-contacts\\\/#breadcrumb\",\"itemListElement\":[{\"@type\":\"ListItem\",\"position\":1,\"name\":\"Home\",\"item\":\"https:\\\/\\\/live-spx-corp-2025.pantheonsite.io\\\/\"},{\"@type\":\"ListItem\",\"position\":2,\"name\":\"Investor Relations\",\"item\":\"https:\\\/\\\/spx.com\\\/?page_id=37\"},{\"@type\":\"ListItem\",\"position\":3,\"name\":\"Investor Contacts\"}]},{\"@type\":\"WebSite\",\"@id\":\"https:\\\/\\\/spx.com\\\/#website\",\"url\":\"https:\\\/\\\/spx.com\\\/\",\"name\":\"SPX Technologies in Charlotte, NC\",\"description\":\"SPX Technologies is a supplier of highly engineered products and technologies, holding leadership positions in the HVAC and detection and measurement markets.\",\"publisher\":{\"@id\":\"https:\\\/\\\/spx.com\\\/#organization\"},\"potentialAction\":[{\"@type\":\"SearchAction\",\"target\":{\"@type\":\"EntryPoint\",\"urlTemplate\":\"https:\\\/\\\/spx.com\\\/?s={search_term_string}\"},\"query-input\":{\"@type\":\"PropertyValueSpecification\",\"valueRequired\":true,\"valueName\":\"search_term_string\"}}],\"inLanguage\":\"fr-CA\"},{\"@type\":\"Organization\",\"@id\":\"https:\\\/\\\/spx.com\\\/#organization\",\"name\":\"SPX Corporation\",\"url\":\"https:\\\/\\\/spx.com\\\/\",\"logo\":{\"@type\":\"ImageObject\",\"inLanguage\":\"fr-CA\",\"@id\":\"https:\\\/\\\/spx.com\\\/#\\\/schema\\\/logo\\\/image\\\/\",\"url\":\"https:\\\/\\\/live-spx-corp.pantheonsite.io\\\/wp-content\\\/uploads\\\/2018\\\/03\\\/SPX_LOGO_R_Vertical_RGB_480px.png\",\"contentUrl\":\"https:\\\/\\\/live-spx-corp.pantheonsite.io\\\/wp-content\\\/uploads\\\/2018\\\/03\\\/SPX_LOGO_R_Vertical_RGB_480px.png\",\"width\":389,\"height\":480,\"caption\":\"SPX Corporation\"},\"image\":{\"@id\":\"https:\\\/\\\/spx.com\\\/#\\\/schema\\\/logo\\\/image\\\/\"}}]}<\/script>\n<!-- \/ Yoast SEO plugin. -->","yoast_head_json":{"title":"Investor Contacts - SPX Technologies in Charlotte, NC","description":"SPX Technologies is headquartered at 6325 Ardrey Kell Road, Suite 400, Charlotte, NC 28277, United States. For shareholder questions, contact Computershare, and for investor relations, reach us at spx.investor@spx.com or +1 (980) 474-3806.","robots":{"index":"index","follow":"follow","max-snippet":"max-snippet:-1","max-image-preview":"max-image-preview:large","max-video-preview":"max-video-preview:-1"},"canonical":"https:\/\/spx.com\/fr\/investor-relations\/investor-contacts\/","og_locale":"fr_CA","og_type":"article","og_title":"Investor Contacts - SPX Technologies in Charlotte, NC","og_description":"SPX Technologies is headquartered at 6325 Ardrey Kell Road, Suite 400, Charlotte, NC 28277, United States. For shareholder questions, contact Computershare, and for investor relations, reach us at spx.investor@spx.com or +1 (980) 474-3806.","og_url":"https:\/\/spx.com\/fr\/investor-relations\/investor-contacts\/","og_site_name":"SPX Technologies in Charlotte, NC","article_modified_time":"2026-05-07T15:52:04+00:00","twitter_card":"summary_large_image","twitter_misc":{"Estimation du temps de lecture":"1 minute"},"schema":{"@context":"https:\/\/schema.org","@graph":[{"@type":"WebPage","@id":"https:\/\/spx.com\/investor-relations\/investor-contacts\/","url":"https:\/\/spx.com\/investor-relations\/investor-contacts\/","name":"Investor Contacts - SPX Technologies in Charlotte, NC","isPartOf":{"@id":"https:\/\/spx.com\/#website"},"datePublished":"2017-08-22T17:14:44+00:00","dateModified":"2026-05-07T15:52:04+00:00","description":"SPX Technologies is headquartered at 6325 Ardrey Kell Road, Suite 400, Charlotte, NC 28277, United States. For shareholder questions, contact Computershare, and for investor relations, reach us at spx.investor@spx.com or +1 (980) 474-3806.","breadcrumb":{"@id":"https:\/\/spx.com\/investor-relations\/investor-contacts\/#breadcrumb"},"inLanguage":"fr-CA","potentialAction":[{"@type":"ReadAction","target":["https:\/\/spx.com\/investor-relations\/investor-contacts\/"]}]},{"@type":"BreadcrumbList","@id":"https:\/\/spx.com\/investor-relations\/investor-contacts\/#breadcrumb","itemListElement":[{"@type":"ListItem","position":1,"name":"Home","item":"https:\/\/live-spx-corp-2025.pantheonsite.io\/"},{"@type":"ListItem","position":2,"name":"Investor Relations","item":"https:\/\/spx.com\/?page_id=37"},{"@type":"ListItem","position":3,"name":"Investor Contacts"}]},{"@type":"WebSite","@id":"https:\/\/spx.com\/#website","url":"https:\/\/spx.com\/","name":"SPX Technologies in Charlotte, NC","description":"SPX Technologies est un fournisseur de produits et de technologies de haute technicit\u00e9, occupant une position de leader sur les march\u00e9s du CVC et de la d\u00e9tection et de la mesure.","publisher":{"@id":"https:\/\/spx.com\/#organization"},"potentialAction":[{"@type":"SearchAction","target":{"@type":"EntryPoint","urlTemplate":"https:\/\/spx.com\/?s={search_term_string}"},"query-input":{"@type":"PropertyValueSpecification","valueRequired":true,"valueName":"search_term_string"}}],"inLanguage":"fr-CA"},{"@type":"Organization","@id":"https:\/\/spx.com\/#organization","name":"SPX Corporation","url":"https:\/\/spx.com\/","logo":{"@type":"ImageObject","inLanguage":"fr-CA","@id":"https:\/\/spx.com\/#\/schema\/logo\/image\/","url":"https:\/\/live-spx-corp.pantheonsite.io\/wp-content\/uploads\/2018\/03\/SPX_LOGO_R_Vertical_RGB_480px.png","contentUrl":"https:\/\/live-spx-corp.pantheonsite.io\/wp-content\/uploads\/2018\/03\/SPX_LOGO_R_Vertical_RGB_480px.png","width":389,"height":480,"caption":"SPX Corporation"},"image":{"@id":"https:\/\/spx.com\/#\/schema\/logo\/image\/"}}]}},"_links":{"self":[{"href":"https:\/\/spx.com\/fr\/wp-json\/wp\/v2\/pages\/59","targetHints":{"allow":["GET"]}}],"collection":[{"href":"https:\/\/spx.com\/fr\/wp-json\/wp\/v2\/pages"}],"about":[{"href":"https:\/\/spx.com\/fr\/wp-json\/wp\/v2\/types\/page"}],"author":[{"embeddable":true,"href":"https:\/\/spx.com\/fr\/wp-json\/wp\/v2\/users\/4"}],"replies":[{"embeddable":true,"href":"https:\/\/spx.com\/fr\/wp-json\/wp\/v2\/comments?post=59"}],"version-history":[{"count":1,"href":"https:\/\/spx.com\/fr\/wp-json\/wp\/v2\/pages\/59\/revisions"}],"predecessor-version":[{"id":6664,"href":"https:\/\/spx.com\/fr\/wp-json\/wp\/v2\/pages\/59\/revisions\/6664"}],"up":[{"embeddable":true,"href":"https:\/\/spx.com\/fr\/wp-json\/wp\/v2\/pages\/37"}],"wp:attachment":[{"href":"https:\/\/spx.com\/fr\/wp-json\/wp\/v2\/media?parent=59"}],"wp:term":[{"taxonomy":"dipi_cpt_category","embeddable":true,"href":"https:\/\/spx.com\/fr\/wp-json\/wp\/v2\/dipi_cpt_category?post=59"}],"curies":[{"name":"wp","href":"https:\/\/api.w.org\/{rel}","templated":true}]}}