{"id":6226,"date":"2025-10-06T20:38:24","date_gmt":"2025-10-06T20:38:24","guid":{"rendered":"https:\/\/spx.com\/?page_id=6226"},"modified":"2026-01-20T17:10:24","modified_gmt":"2026-01-20T17:10:24","slug":"omega-heat-pumps","status":"publish","type":"page","link":"https:\/\/spx.com\/fr\/our-businesses\/omega-heat-pumps\/","title":{"rendered":"Omega Heat Pumps"},"content":{"rendered":"<p>[et_pb_section fb_built=&#8221;1&#8243; _builder_version=&#8221;4.27.4&#8243; _module_preset=&#8221;default&#8221; custom_padding=&#8221;50px||||false|false&#8221; global_colors_info=&#8221;{}&#8221;][et_pb_row _builder_version=&#8221;4.27.4&#8243; _module_preset=&#8221;default&#8221; custom_margin=&#8221;0px||0px||false|false&#8221; custom_padding=&#8221;0px||0px||false|false&#8221; global_colors_info=&#8221;{}&#8221;][et_pb_column type=&#8221;4_4&#8243; _builder_version=&#8221;4.27.4&#8243; _module_preset=&#8221;default&#8221; global_colors_info=&#8221;{}&#8221;][et_pb_text _builder_version=&#8221;4.27.4&#8243; _dynamic_attributes=&#8221;content&#8221; _module_preset=&#8221;default&#8221; text_font_size=&#8221;12px&#8221; global_colors_info=&#8221;{}&#8221;]@ET-DC@eyJkeW5hbWljIjp0cnVlLCJjb250ZW50IjoicG9zdF90aXRsZSIsInNldHRpbmdzIjp7ImJlZm9yZSI6IjxhIGhyZWY9XCIvXCI+SG9tZTwvYT4gJmd0OyAgPGEgaHJlZj1cIi9vdXItYnVzaW5lc3Nlcy9odmFjXCI+SFZBQzwvYT4gJmd0OyAiLCJhZnRlciI6IiJ9fQ==@[\/et_pb_text][\/et_pb_column][\/et_pb_row][et_pb_row column_structure=&#8221;1_2,1_2&#8243; _builder_version=&#8221;4.27.4&#8243; _module_preset=&#8221;default&#8221; custom_padding=&#8221;4px||||false|false&#8221; global_colors_info=&#8221;{}&#8221;][et_pb_column type=&#8221;1_2&#8243; _builder_version=&#8221;4.27.4&#8243; _module_preset=&#8221;default&#8221; global_colors_info=&#8221;{}&#8221;][et_pb_post_title meta=&#8221;off&#8221; featured_image=&#8221;off&#8221; _builder_version=&#8221;4.27.4&#8243; _module_preset=&#8221;default&#8221; title_font=&#8221;&#8211;et_global_heading_font|600|||||||&#8221; title_text_color=&#8221;#004C97&#8243; title_font_size=&#8221;64px&#8221; custom_margin=&#8221;||10px||false|false&#8221; custom_padding=&#8221;||0px||false|false&#8221; title_font_size_tablet=&#8221;64px&#8221; title_font_size_phone=&#8221;54px&#8221; title_font_size_last_edited=&#8221;on|desktop&#8221; global_colors_info=&#8221;{}&#8221;][\/et_pb_post_title][et_pb_text _builder_version=&#8221;4.27.4&#8243; _module_preset=&#8221;default&#8221; text_font=&#8221;&#8211;et_global_body_font||||||||&#8221; text_text_color=&#8221;#4f4f4f&#8221; text_font_size=&#8221;15px&#8221; text_line_height=&#8221;1.4em&#8221; custom_margin=&#8221;||10px||false|false&#8221; global_colors_info=&#8221;{}&#8221;]Omega Heat Pump provides all in one heating and cooling solutions for residential and commercial applications. Omega continues to expand its product offering to meet the rigorous requirements for green, quiet and comfortable heating and cooling. <\/p>\n<p>Omega Heat Pump has products covering a wide spectrum of applications including vertical stack water source heat pumps, vertical stack hybrid heating &#038; cooling, and replacement chassis heat pumps.[\/et_pb_text][et_pb_button button_url=&#8221;http:\/\/omega-heatpump.com\/&#8221; url_new_window=&#8221;on&#8221; button_text=&#8221;@ET-DC@eyJkeW5hbWljIjp0cnVlLCJjb250ZW50IjoicG9zdF90aXRsZSIsInNldHRpbmdzIjp7ImJlZm9yZSI6IlZpc2l0ICIsImFmdGVyIjoiIn19@&#8221; button_alignment=&#8221;left&#8221; disabled_on=&#8221;on|off|off&#8221; _builder_version=&#8221;4.27.5&#8243; _dynamic_attributes=&#8221;button_text&#8221; _module_preset=&#8221;default&#8221; custom_button=&#8221;on&#8221; button_text_size=&#8221;16px&#8221; button_text_color=&#8221;#FFFFFF&#8221; button_bg_color=&#8221;#004C97&#8243; button_border_radius=&#8221;6px&#8221; background_layout=&#8221;dark&#8221; hover_enabled=&#8221;0&#8243; global_colors_info=&#8221;{}&#8221; sticky_enabled=&#8221;0&#8243;][\/et_pb_button][\/et_pb_column][et_pb_column type=&#8221;1_2&#8243; _builder_version=&#8221;4.27.4&#8243; _module_preset=&#8221;default&#8221; global_colors_info=&#8221;{}&#8221;][et_pb_video src=&#8221;https:\/\/www.youtube.com\/watch?v=OmIxnFF1n2M&#8221; _builder_version=&#8221;4.27.4&#8243; _module_preset=&#8221;default&#8221; box_shadow_style=&#8221;preset3&#8243; global_colors_info=&#8221;{}&#8221;][\/et_pb_video][\/et_pb_column][\/et_pb_row][et_pb_row _builder_version=&#8221;4.27.4&#8243; _module_preset=&#8221;default&#8221; custom_margin=&#8221;||0px||false|false&#8221; custom_padding=&#8221;||2px||false|false&#8221; global_module=&#8221;5580&#8243; global_colors_info=&#8221;{}&#8221;][et_pb_column type=&#8221;4_4&#8243; _builder_version=&#8221;4.27.4&#8243; _module_preset=&#8221;default&#8221; global_colors_info=&#8221;{}&#8221;][et_pb_divider color=&#8221;#ececec&#8221; _builder_version=&#8221;4.27.4&#8243; _module_preset=&#8221;default&#8221; global_colors_info=&#8221;{}&#8221;][\/et_pb_divider][\/et_pb_column][\/et_pb_row][et_pb_row column_structure=&#8221;1_3,1_3,1_3&#8243; use_custom_gutter=&#8221;on&#8221; gutter_width=&#8221;2&#8243; _builder_version=&#8221;4.27.4&#8243; _module_preset=&#8221;default&#8221; global_colors_info=&#8221;{}&#8221;][et_pb_column type=&#8221;1_3&#8243; _builder_version=&#8221;4.27.4&#8243; _module_preset=&#8221;default&#8221; global_colors_info=&#8221;{}&#8221;][et_pb_image src=&#8221;https:\/\/spx.com\/wp-content\/uploads\/2025\/10\/Omega-1.png&#8221; alt=&#8221;Omega 1&#8243; title_text=&#8221;W GWC&#8221; url=&#8221;http:\/\/omega-heatpump.com\/vshp-series.php&#8221; url_new_window=&#8221;on&#8221; show_bottom_space=&#8221;off&#8221; _builder_version=&#8221;4.27.5&#8243; _module_preset=&#8221;default&#8221; custom_margin=&#8221;||10px||false|false&#8221; custom_margin_tablet=&#8221;||10px||false|false&#8221; custom_margin_phone=&#8221;44px||||false|false&#8221; custom_margin_last_edited=&#8221;on|phone&#8221; hover_enabled=&#8221;0&#8243; border_radii=&#8221;off|3px|3px||&#8221; global_colors_info=&#8221;{}&#8221; sticky_enabled=&#8221;0&#8243;][\/et_pb_image][et_pb_text _builder_version=&#8221;4.27.4&#8243; _module_preset=&#8221;default&#8221; text_font=&#8221;|600|||||||&#8221; text_line_height=&#8221;1.4em&#8221; custom_margin=&#8221;||12px|8px|false|false&#8221; custom_padding=&#8221;|8px|||false|false&#8221; global_colors_info=&#8221;{}&#8221;]Vertical Stack Heat Pump with Low<br \/>GWP R-454B[\/et_pb_text][et_pb_divider color=&#8221;#F15623&#8243; _builder_version=&#8221;4.27.4&#8243; _module_preset=&#8221;default&#8221; width=&#8221;20%&#8221; custom_margin=&#8221;0px||0px|5px|false|false&#8221; custom_padding=&#8221;0px||0px||false|false&#8221; global_colors_info=&#8221;{}&#8221;][\/et_pb_divider][et_pb_text _builder_version=&#8221;4.27.4&#8243; _module_preset=&#8221;default&#8221; text_line_height=&#8221;1.4em&#8221; custom_margin=&#8221;-6px||5px|8px|false|false&#8221; custom_padding=&#8221;0px|8px|5px||false|false&#8221; global_colors_info=&#8221;{}&#8221;]<\/p>\n<p>The Omega Vertical Stack Heat Pump with Low GWP R-454B refrigerant system delivers reliable year round heating and cooling comfort with quiet and efficient operation in mind.<\/p>\n<p>Each VSHP unit features high efficient compressors, heat exchangers, and EC fan motors. Powered by our advanced microprocessor controller for optimal safety and operability. All components are easily accessible through the front Return Air Panel allowing for quick and easy servicing and maintenance.<\/p>\n<p>[\/et_pb_text][et_pb_text _builder_version=&#8221;4.27.5&#8243; _module_preset=&#8221;default&#8221; text_font=&#8221;|600|||||||&#8221; text_text_color=&#8221;#004C97&#8243; text_line_height=&#8221;1.4em&#8221; custom_margin=&#8221;-6px|||8px|false|false&#8221; custom_padding=&#8221;0px|8px|5px||false|false&#8221; link_option_url=&#8221;http:\/\/omega-heatpump.com\/vshp-series.php&#8221; link_option_url_new_window=&#8221;on&#8221; hover_enabled=&#8221;0&#8243; global_colors_info=&#8221;{}&#8221; sticky_enabled=&#8221;0&#8243;]<\/p>\n<p>Plus d'informations ici.<\/p>\n<p>[\/et_pb_text][\/et_pb_column][et_pb_column type=&#8221;1_3&#8243; _builder_version=&#8221;4.27.4&#8243; _module_preset=&#8221;default&#8221; global_colors_info=&#8221;{}&#8221;][et_pb_image src=&#8221;https:\/\/spx.com\/wp-content\/uploads\/2025\/10\/Omega-2-copy.png&#8221; alt=&#8221;Omega 2 copy&#8221; url=&#8221;http:\/\/omega-heatpump.com\/vshpe-series.php&#8221; url_new_window=&#8221;on&#8221; show_bottom_space=&#8221;off&#8221; _builder_version=&#8221;4.27.5&#8243; _module_preset=&#8221;default&#8221; custom_margin=&#8221;||10px||false|false&#8221; custom_margin_tablet=&#8221;||10px||false|false&#8221; custom_margin_phone=&#8221;44px||||false|false&#8221; custom_margin_last_edited=&#8221;on|phone&#8221; hover_enabled=&#8221;0&#8243; border_radii=&#8221;off|3px|3px||&#8221; global_colors_info=&#8221;{}&#8221; sticky_enabled=&#8221;0&#8243;][\/et_pb_image][et_pb_text _builder_version=&#8221;4.27.4&#8243; _module_preset=&#8221;default&#8221; text_font=&#8221;|600|||||||&#8221; text_line_height=&#8221;1.4em&#8221; custom_margin=&#8221;||12px|8px|false|false&#8221; custom_padding=&#8221;|8px|||false|false&#8221; global_colors_info=&#8221;{}&#8221;]Vertical Stack Heat Pump with Integral ERV with Low GWP R-454B[\/et_pb_text][et_pb_divider color=&#8221;#F15623&#8243; _builder_version=&#8221;4.27.4&#8243; _module_preset=&#8221;default&#8221; width=&#8221;20%&#8221; custom_margin=&#8221;0px||0px|5px|false|false&#8221; custom_padding=&#8221;0px||0px||false|false&#8221; global_colors_info=&#8221;{}&#8221;][\/et_pb_divider][et_pb_text _builder_version=&#8221;4.27.4&#8243; _module_preset=&#8221;default&#8221; text_line_height=&#8221;1.4em&#8221; custom_margin=&#8221;-6px||5px|8px|false|false&#8221; custom_padding=&#8221;0px|8px|5px||false|false&#8221; global_colors_info=&#8221;{}&#8221;]The ERV core is easily accessible through the front return air panel for cleaning and servicing. All controls, sensors and components are accessible through this one panel entry point. Each VSHPe unit features high efficient compressor, ECM fan, modern components and an advanced microprocessor controller. ERV microprocessor controls fresh air requirements and air tempering to maintain desired occupancy comfort. Omega integrated ERV is industry tested to provide fresh air even during extreme low ambient conditions without turning off.[\/et_pb_text][et_pb_text _builder_version=&#8221;4.27.5&#8243; _module_preset=&#8221;default&#8221; text_font=&#8221;|600|||||||&#8221; text_text_color=&#8221;#004C97&#8243; text_line_height=&#8221;1.4em&#8221; custom_margin=&#8221;-6px|||8px|false|false&#8221; custom_padding=&#8221;0px|8px|5px||false|false&#8221; link_option_url=&#8221;http:\/\/omega-heatpump.com\/vshpe-series.php&#8221; link_option_url_new_window=&#8221;on&#8221; hover_enabled=&#8221;0&#8243; global_colors_info=&#8221;{}&#8221; sticky_enabled=&#8221;0&#8243;]<\/p>\n<p>Plus d'informations ici.<\/p>\n<p>[\/et_pb_text][\/et_pb_column][et_pb_column type=&#8221;1_3&#8243; _builder_version=&#8221;4.27.4&#8243; _module_preset=&#8221;default&#8221; global_colors_info=&#8221;{}&#8221;][et_pb_image src=&#8221;https:\/\/spx.com\/wp-content\/uploads\/2025\/10\/Omega-3.png&#8221; alt=&#8221;Omega 3&#8243; url=&#8221;http:\/\/omega-heatpump.com\/vshy-series.php&#8221; url_new_window=&#8221;on&#8221; show_bottom_space=&#8221;off&#8221; _builder_version=&#8221;4.27.5&#8243; _module_preset=&#8221;default&#8221; custom_margin=&#8221;||10px||false|false&#8221; custom_margin_tablet=&#8221;||10px||false|false&#8221; custom_margin_phone=&#8221;44px||||false|false&#8221; custom_margin_last_edited=&#8221;on|phone&#8221; hover_enabled=&#8221;0&#8243; border_radii=&#8221;off|3px|3px||&#8221; global_colors_info=&#8221;{}&#8221; sticky_enabled=&#8221;0&#8243;][\/et_pb_image][et_pb_text _builder_version=&#8221;4.27.4&#8243; _module_preset=&#8221;default&#8221; text_font=&#8221;|600|||||||&#8221; text_line_height=&#8221;1.4em&#8221; custom_margin=&#8221;||12px|8px|false|false&#8221; custom_padding=&#8221;|8px|||false|false&#8221; global_colors_info=&#8221;{}&#8221;]Vertical Stack Hybrid Heat Pump unit with Low GWP R-454B[\/et_pb_text][et_pb_divider color=&#8221;#F15623&#8243; _builder_version=&#8221;4.27.4&#8243; _module_preset=&#8221;default&#8221; width=&#8221;20%&#8221; custom_margin=&#8221;0px||0px|5px|false|false&#8221; custom_padding=&#8221;0px||0px||false|false&#8221; global_colors_info=&#8221;{}&#8221;][\/et_pb_divider][et_pb_text _builder_version=&#8221;4.27.4&#8243; _module_preset=&#8221;default&#8221; text_line_height=&#8221;1.4em&#8221; custom_margin=&#8221;-6px||5px|8px|false|false&#8221; custom_padding=&#8221;0px|8px|5px||false|false&#8221; global_colors_info=&#8221;{}&#8221;]The Omega Vertical Stack Hybrid Heat Pump unit with Low GWP R-454B refrigerant utilizes the same efficient and reliable design as our classic Vertical Stack Heat Pump. Omega Hybrid Heat Pump system combines two reliable technologies into one package for optimized cooling and heating performance &#8211; Fan coil hydronic heating during winter and DX cooling during summer. The Vertical Stack Hybrid Heating &#038; Cooling Unit with Integrated ERV (VSHYe) system is the market leader in integrated ERV hybrid systems. Duct connections are made at the top of the unit and ERV core, controls and chassis are all accessible from the front return air panel. Single point source power for entire unit and factory configured ERV for hassle free installation and start-up.[\/et_pb_text][et_pb_text _builder_version=&#8221;4.27.5&#8243; _module_preset=&#8221;default&#8221; text_font=&#8221;|600|||||||&#8221; text_text_color=&#8221;#004C97&#8243; text_line_height=&#8221;1.4em&#8221; custom_margin=&#8221;-6px|||8px|false|false&#8221; custom_padding=&#8221;0px|8px|5px||false|false&#8221; link_option_url=&#8221;http:\/\/omega-heatpump.com\/vshy-series.php&#8221; link_option_url_new_window=&#8221;on&#8221; hover_enabled=&#8221;0&#8243; global_colors_info=&#8221;{}&#8221; sticky_enabled=&#8221;0&#8243;]<\/p>\n<p>Plus d'informations ici.<\/p>\n<p>[\/et_pb_text][\/et_pb_column][\/et_pb_row][et_pb_row _builder_version=&#8221;4.27.4&#8243; _module_preset=&#8221;default&#8221; global_colors_info=&#8221;{}&#8221;][et_pb_column type=&#8221;4_4&#8243; _builder_version=&#8221;4.27.4&#8243; _module_preset=&#8221;default&#8221; global_colors_info=&#8221;{}&#8221;][et_pb_button button_url=&#8221;http:\/\/omega-heatpump.com\/&#8221; url_new_window=&#8221;on&#8221; button_text=&#8221;@ET-DC@eyJkeW5hbWljIjp0cnVlLCJjb250ZW50IjoicG9zdF90aXRsZSIsInNldHRpbmdzIjp7ImJlZm9yZSI6IlZpc2l0ICIsImFmdGVyIjoiIn19@&#8221; button_alignment=&#8221;center&#8221; _builder_version=&#8221;4.27.5&#8243; _dynamic_attributes=&#8221;button_text&#8221; _module_preset=&#8221;default&#8221; custom_button=&#8221;on&#8221; button_text_color=&#8221;#FFFFFF&#8221; button_bg_color=&#8221;#004C97&#8243; button_border_radius=&#8221;6px&#8221; background_layout=&#8221;dark&#8221; hover_enabled=&#8221;0&#8243; global_colors_info=&#8221;{}&#8221; sticky_enabled=&#8221;0&#8243;][\/et_pb_button][\/et_pb_column][\/et_pb_row][et_pb_row disabled_on=&#8221;on|on|on&#8221; _builder_version=&#8221;4.27.4&#8243; _module_preset=&#8221;default&#8221; custom_margin=&#8221;||0px||false|false&#8221; custom_padding=&#8221;||12px||false|false&#8221; disabled=&#8221;on&#8221; global_colors_info=&#8221;{}&#8221;][et_pb_column type=&#8221;4_4&#8243; _builder_version=&#8221;4.27.4&#8243; _module_preset=&#8221;default&#8221; global_colors_info=&#8221;{}&#8221;][et_pb_divider color=&#8221;#ececec&#8221; _builder_version=&#8221;4.27.4&#8243; _module_preset=&#8221;default&#8221; global_colors_info=&#8221;{}&#8221;][\/et_pb_divider][\/et_pb_column][\/et_pb_row][\/et_pb_section]<\/p>","protected":false},"excerpt":{"rendered":"<p>Omega Heat Pump provides all in one heating and cooling solutions for residential and commercial applications.<\/p>","protected":false},"author":4,"featured_media":0,"parent":17,"menu_order":0,"comment_status":"closed","ping_status":"closed","template":"","meta":{"_acf_changed":false,"_et_pb_use_builder":"on","_et_pb_old_content":"","_et_gb_content_width":"","footnotes":""},"dipi_cpt_category":[],"class_list":["post-6226","page","type-page","status-publish","hentry"],"acf":[],"yoast_head":"<!-- This site is optimized with the Yoast SEO plugin v27.4 - https:\/\/yoast.com\/product\/yoast-seo-wordpress\/ -->\n<title>Omega Heat Pumps - SPX Technologies in Charlotte, NC<\/title>\n<meta name=\"description\" content=\"Omega Heat Pump provides all in one heating and cooling solutions for residential and commercial applications.\" \/>\n<meta name=\"robots\" content=\"index, follow, max-snippet:-1, max-image-preview:large, max-video-preview:-1\" \/>\n<link rel=\"canonical\" href=\"https:\/\/spx.com\/fr\/our-businesses\/omega-heat-pumps\/\" \/>\n<meta property=\"og:locale\" content=\"fr_CA\" \/>\n<meta property=\"og:type\" content=\"article\" \/>\n<meta property=\"og:title\" content=\"Omega Heat Pumps - SPX Technologies in Charlotte, NC\" \/>\n<meta property=\"og:description\" content=\"Omega Heat Pump provides all in one heating and cooling solutions for residential and commercial applications.\" \/>\n<meta property=\"og:url\" content=\"https:\/\/spx.com\/fr\/our-businesses\/omega-heat-pumps\/\" \/>\n<meta property=\"og:site_name\" content=\"SPX Technologies in Charlotte, NC\" \/>\n<meta property=\"article:modified_time\" content=\"2026-01-20T17:10:24+00:00\" \/>\n<meta name=\"twitter:card\" content=\"summary_large_image\" \/>\n<meta name=\"twitter:label1\" content=\"Estimation du temps de lecture\" \/>\n\t<meta name=\"twitter:data1\" content=\"3 minutes\" \/>\n<script type=\"application\/ld+json\" class=\"yoast-schema-graph\">{\"@context\":\"https:\\\/\\\/schema.org\",\"@graph\":[{\"@type\":\"WebPage\",\"@id\":\"https:\\\/\\\/spx.com\\\/our-businesses\\\/omega-heat-pumps\\\/\",\"url\":\"https:\\\/\\\/spx.com\\\/our-businesses\\\/omega-heat-pumps\\\/\",\"name\":\"Omega Heat Pumps - SPX Technologies in Charlotte, NC\",\"isPartOf\":{\"@id\":\"https:\\\/\\\/spx.com\\\/#website\"},\"datePublished\":\"2025-10-06T20:38:24+00:00\",\"dateModified\":\"2026-01-20T17:10:24+00:00\",\"description\":\"Omega Heat Pump provides all in one heating and cooling solutions for residential and commercial applications.\",\"breadcrumb\":{\"@id\":\"https:\\\/\\\/spx.com\\\/our-businesses\\\/omega-heat-pumps\\\/#breadcrumb\"},\"inLanguage\":\"fr-CA\",\"potentialAction\":[{\"@type\":\"ReadAction\",\"target\":[\"https:\\\/\\\/spx.com\\\/our-businesses\\\/omega-heat-pumps\\\/\"]}]},{\"@type\":\"BreadcrumbList\",\"@id\":\"https:\\\/\\\/spx.com\\\/our-businesses\\\/omega-heat-pumps\\\/#breadcrumb\",\"itemListElement\":[{\"@type\":\"ListItem\",\"position\":1,\"name\":\"Home\",\"item\":\"https:\\\/\\\/spx.com\\\/\"},{\"@type\":\"ListItem\",\"position\":2,\"name\":\"Our Businesses\",\"item\":\"https:\\\/\\\/spx.com\\\/our-businesses\\\/\"},{\"@type\":\"ListItem\",\"position\":3,\"name\":\"Omega Heat Pumps\"}]},{\"@type\":\"WebSite\",\"@id\":\"https:\\\/\\\/spx.com\\\/#website\",\"url\":\"https:\\\/\\\/spx.com\\\/\",\"name\":\"SPX Technologies in Charlotte, NC\",\"description\":\"SPX Technologies is a supplier of highly engineered products and technologies, holding leadership positions in the HVAC and detection and measurement markets.\",\"publisher\":{\"@id\":\"https:\\\/\\\/spx.com\\\/#organization\"},\"potentialAction\":[{\"@type\":\"SearchAction\",\"target\":{\"@type\":\"EntryPoint\",\"urlTemplate\":\"https:\\\/\\\/spx.com\\\/?s={search_term_string}\"},\"query-input\":{\"@type\":\"PropertyValueSpecification\",\"valueRequired\":true,\"valueName\":\"search_term_string\"}}],\"inLanguage\":\"fr-CA\"},{\"@type\":\"Organization\",\"@id\":\"https:\\\/\\\/spx.com\\\/#organization\",\"name\":\"SPX Corporation\",\"url\":\"https:\\\/\\\/spx.com\\\/\",\"logo\":{\"@type\":\"ImageObject\",\"inLanguage\":\"fr-CA\",\"@id\":\"https:\\\/\\\/spx.com\\\/#\\\/schema\\\/logo\\\/image\\\/\",\"url\":\"https:\\\/\\\/live-spx-corp.pantheonsite.io\\\/wp-content\\\/uploads\\\/2018\\\/03\\\/SPX_LOGO_R_Vertical_RGB_480px.png\",\"contentUrl\":\"https:\\\/\\\/live-spx-corp.pantheonsite.io\\\/wp-content\\\/uploads\\\/2018\\\/03\\\/SPX_LOGO_R_Vertical_RGB_480px.png\",\"width\":389,\"height\":480,\"caption\":\"SPX Corporation\"},\"image\":{\"@id\":\"https:\\\/\\\/spx.com\\\/#\\\/schema\\\/logo\\\/image\\\/\"}}]}<\/script>\n<!-- \/ Yoast SEO plugin. -->","yoast_head_json":{"title":"Omega Heat Pumps - SPX Technologies in Charlotte, NC","description":"Omega Heat Pump provides all in one heating and cooling solutions for residential and commercial applications.","robots":{"index":"index","follow":"follow","max-snippet":"max-snippet:-1","max-image-preview":"max-image-preview:large","max-video-preview":"max-video-preview:-1"},"canonical":"https:\/\/spx.com\/fr\/our-businesses\/omega-heat-pumps\/","og_locale":"fr_CA","og_type":"article","og_title":"Omega Heat Pumps - SPX Technologies in Charlotte, NC","og_description":"Omega Heat Pump provides all in one heating and cooling solutions for residential and commercial applications.","og_url":"https:\/\/spx.com\/fr\/our-businesses\/omega-heat-pumps\/","og_site_name":"SPX Technologies in Charlotte, NC","article_modified_time":"2026-01-20T17:10:24+00:00","twitter_card":"summary_large_image","twitter_misc":{"Estimation du temps de lecture":"3 minutes"},"schema":{"@context":"https:\/\/schema.org","@graph":[{"@type":"WebPage","@id":"https:\/\/spx.com\/our-businesses\/omega-heat-pumps\/","url":"https:\/\/spx.com\/our-businesses\/omega-heat-pumps\/","name":"Omega Heat Pumps - SPX Technologies in Charlotte, NC","isPartOf":{"@id":"https:\/\/spx.com\/#website"},"datePublished":"2025-10-06T20:38:24+00:00","dateModified":"2026-01-20T17:10:24+00:00","description":"Omega Heat Pump provides all in one heating and cooling solutions for residential and commercial applications.","breadcrumb":{"@id":"https:\/\/spx.com\/our-businesses\/omega-heat-pumps\/#breadcrumb"},"inLanguage":"fr-CA","potentialAction":[{"@type":"ReadAction","target":["https:\/\/spx.com\/our-businesses\/omega-heat-pumps\/"]}]},{"@type":"BreadcrumbList","@id":"https:\/\/spx.com\/our-businesses\/omega-heat-pumps\/#breadcrumb","itemListElement":[{"@type":"ListItem","position":1,"name":"Home","item":"https:\/\/spx.com\/"},{"@type":"ListItem","position":2,"name":"Our Businesses","item":"https:\/\/spx.com\/our-businesses\/"},{"@type":"ListItem","position":3,"name":"Omega Heat Pumps"}]},{"@type":"WebSite","@id":"https:\/\/spx.com\/#website","url":"https:\/\/spx.com\/","name":"SPX Technologies in Charlotte, NC","description":"SPX Technologies est un fournisseur de produits et de technologies de haute technicit\u00e9, occupant une position de leader sur les march\u00e9s du CVC et de la d\u00e9tection et de la mesure.","publisher":{"@id":"https:\/\/spx.com\/#organization"},"potentialAction":[{"@type":"SearchAction","target":{"@type":"EntryPoint","urlTemplate":"https:\/\/spx.com\/?s={search_term_string}"},"query-input":{"@type":"PropertyValueSpecification","valueRequired":true,"valueName":"search_term_string"}}],"inLanguage":"fr-CA"},{"@type":"Organization","@id":"https:\/\/spx.com\/#organization","name":"SPX Corporation","url":"https:\/\/spx.com\/","logo":{"@type":"ImageObject","inLanguage":"fr-CA","@id":"https:\/\/spx.com\/#\/schema\/logo\/image\/","url":"https:\/\/live-spx-corp.pantheonsite.io\/wp-content\/uploads\/2018\/03\/SPX_LOGO_R_Vertical_RGB_480px.png","contentUrl":"https:\/\/live-spx-corp.pantheonsite.io\/wp-content\/uploads\/2018\/03\/SPX_LOGO_R_Vertical_RGB_480px.png","width":389,"height":480,"caption":"SPX Corporation"},"image":{"@id":"https:\/\/spx.com\/#\/schema\/logo\/image\/"}}]}},"_links":{"self":[{"href":"https:\/\/spx.com\/fr\/wp-json\/wp\/v2\/pages\/6226","targetHints":{"allow":["GET"]}}],"collection":[{"href":"https:\/\/spx.com\/fr\/wp-json\/wp\/v2\/pages"}],"about":[{"href":"https:\/\/spx.com\/fr\/wp-json\/wp\/v2\/types\/page"}],"author":[{"embeddable":true,"href":"https:\/\/spx.com\/fr\/wp-json\/wp\/v2\/users\/4"}],"replies":[{"embeddable":true,"href":"https:\/\/spx.com\/fr\/wp-json\/wp\/v2\/comments?post=6226"}],"version-history":[{"count":8,"href":"https:\/\/spx.com\/fr\/wp-json\/wp\/v2\/pages\/6226\/revisions"}],"predecessor-version":[{"id":6495,"href":"https:\/\/spx.com\/fr\/wp-json\/wp\/v2\/pages\/6226\/revisions\/6495"}],"up":[{"embeddable":true,"href":"https:\/\/spx.com\/fr\/wp-json\/wp\/v2\/pages\/17"}],"wp:attachment":[{"href":"https:\/\/spx.com\/fr\/wp-json\/wp\/v2\/media?parent=6226"}],"wp:term":[{"taxonomy":"dipi_cpt_category","embeddable":true,"href":"https:\/\/spx.com\/fr\/wp-json\/wp\/v2\/dipi_cpt_category?post=6226"}],"curies":[{"name":"wp","href":"https:\/\/api.w.org\/{rel}","templated":true}]}}